{"id":13,"date":"2023-12-19T12:54:39","date_gmt":"2023-12-19T11:54:39","guid":{"rendered":"https:\/\/new.saga-de-marcel.com\/?page_id=13"},"modified":"2023-12-19T12:54:39","modified_gmt":"2023-12-19T11:54:39","slug":"ma-conception-du-modelisme","status":"publish","type":"page","link":"https:\/\/new.saga-de-marcel.com\/?page_id=13","title":{"rendered":"Ma conception du Mod\u00e9lisme"},"content":{"rendered":"\n<p><\/p>\n\n\n\n<p>Ma conception du mod\u00e9lisme n&rsquo;est pas de monter un KIT mais, \u00e0 partir d&rsquo;un plan plus ou moins performant, perso ou autre, qui sert pour l&rsquo;aspect du mod\u00e8le et ses proportions, de r\u00e9aliser le mod\u00e8le le moule la coque et la m\u00e9canique.<\/p>\n\n\n\n<p>Pas de KIT ou boites de construction o\u00f9 il suffit de faire un ch\u00e8que, de recevoir le colis et d&rsquo;assembler.<\/p>\n\n\n\n<p>Oui d\u00e9j\u00e0 lorsque la coque est faite un gros probl\u00e8me est r\u00e9solu, et pour le montage des \u00e9l\u00e9ments int\u00e9rieurs l\u00e0 aussi cela simplifie les choses.<br>Je pr\u00e9cise cela pour faire la diff\u00e9rence avec les maquettistes ou les mod\u00e9listes qui disent avoir r\u00e9alis\u00e9 un sous marin (mais qui en fait n&rsquo;ont fait qu&rsquo;assembler et parfois fait quelques modifications) et moi, cela peut para\u00eetre pr\u00e9tentieux ce que je dis mais c&rsquo;est ce que je pense.<\/p>\n\n\n\n<p>\u00c9videmment tous les sous mariniers en puissance n&rsquo;ont pas les connaissances ou l&rsquo;adresse ou l&rsquo;ing\u00e9niosit\u00e9 ou le mat\u00e9riel pour r\u00e9aliser leur r\u00eave et donc le choix du KIT est leur solution.<br><\/p>\n\n\n\n<p>Alors quand je lis sur des forums ou des sites perso \u00ab\u00a0Voici une superbe maquette de Mr Untel ,r\u00e9alis\u00e9e \u00e0 partir du Kit Tartempion, cela ne m&rsquo;int\u00e9resse qu&rsquo;\u00e0 moiti\u00e9.<\/p>\n\n\n\n<p>Ceux qui comme moi et d&rsquo;autres , (je pense en particulier \u00e0 Guy ,\u00e0 Alain ,\u00e0 Vincent, \u00e0 Pierre, \u00e0 G\u00e9rard) font tout de A \u00e0 Z sauf les moteurs et la radio me comprendrons.<\/p>\n\n\n\n<p>Apr\u00e8s ce recadrage sur notre activit\u00e9 commune (KIT ou pas) messieurs les utilisateurs de kits n&rsquo;en vantez pas trop les m\u00e9rites, et bonne plong\u00e9e tout de m\u00eame.<\/p>\n\n\n\n<p><\/p>\n\n\n\n<p>Bonne visite sur mon site!<\/p>\n","protected":false},"excerpt":{"rendered":"<p>Ma conception du mod\u00e9lisme n&rsquo;est pas de monter un KIT mais, \u00e0 partir d&rsquo;un plan plus ou moins performant, perso ou autre, qui sert pour l&rsquo;aspect du mod\u00e8le et ses proportions, de r\u00e9aliser le mod\u00e8le &hellip; <\/p>\n","protected":false},"author":1,"featured_media":0,"parent":0,"menu_order":0,"comment_status":"closed","ping_status":"closed","template":"","meta":{"om_disable_all_campaigns":false,"_monsterinsights_skip_tracking":false,"_monsterinsights_sitenote_active":false,"_monsterinsights_sitenote_note":"","_monsterinsights_sitenote_category":0,"footnotes":""},"aioseo_notices":[],"_links":{"self":[{"href":"https:\/\/new.saga-de-marcel.com\/index.php?rest_route=\/wp\/v2\/pages\/13"}],"collection":[{"href":"https:\/\/new.saga-de-marcel.com\/index.php?rest_route=\/wp\/v2\/pages"}],"about":[{"href":"https:\/\/new.saga-de-marcel.com\/index.php?rest_route=\/wp\/v2\/types\/page"}],"author":[{"embeddable":true,"href":"https:\/\/new.saga-de-marcel.com\/index.php?rest_route=\/wp\/v2\/users\/1"}],"replies":[{"embeddable":true,"href":"https:\/\/new.saga-de-marcel.com\/index.php?rest_route=%2Fwp%2Fv2%2Fcomments&post=13"}],"version-history":[{"count":1,"href":"https:\/\/new.saga-de-marcel.com\/index.php?rest_route=\/wp\/v2\/pages\/13\/revisions"}],"predecessor-version":[{"id":14,"href":"https:\/\/new.saga-de-marcel.com\/index.php?rest_route=\/wp\/v2\/pages\/13\/revisions\/14"}],"wp:attachment":[{"href":"https:\/\/new.saga-de-marcel.com\/index.php?rest_route=%2Fwp%2Fv2%2Fmedia&parent=13"}],"curies":[{"name":"wp","href":"https:\/\/api.w.org\/{rel}","templated":true}]}}