{"id":165,"date":"2023-12-25T11:14:27","date_gmt":"2023-12-25T10:14:27","guid":{"rendered":"https:\/\/new.saga-de-marcel.com\/?page_id=165"},"modified":"2023-12-25T11:37:14","modified_gmt":"2023-12-25T10:37:14","slug":"le-ballast","status":"publish","type":"page","link":"https:\/\/new.saga-de-marcel.com\/?page_id=165","title":{"rendered":"Le ballast"},"content":{"rendered":"\n<p><strong>\u00a0<\/strong>La , je vais utiliser un nouveau syst\u00e8me qui m&rsquo;a \u00e9t\u00e9 souffl\u00e9 par mon camarade Claude Orensanz et qui figure sur le site d&rsquo;Alain.<\/p>\n\n\n\n<p>&#8211; Sur mon site le sous marin \u00e0 \u00e9lastique ne poss\u00e8de pas de ballast.<\/p>\n\n\n\n<p>&#8211; Sur le U27 au 1\/32\u00e8me deux ballasts et un compresseur embarqu\u00e9.<\/p>\n\n\n\n<p> &#8211; Sur le sous marin au 1\/50\u00e8me le ballast central est un baxter de 0,5 litre rempli par une pompe \u00e0 engrenages de chez Conrad (d\u00e9faut , surpression dans la coque lors du remplissage) mais cela marche tr\u00e8s bien.<\/p>\n\n\n\n<p>&#8211; Sur le sous marin au 1\/100\u00e8me remplissage du ballast central par une pompe \u00e0 engrenages de ma conception (voir plan) et pas de surpression dans la coque.<\/p>\n\n\n\n<p>&nbsp;&nbsp;&nbsp;&nbsp;&nbsp;&nbsp;&nbsp;&nbsp;&nbsp;&nbsp;&nbsp;&nbsp;&nbsp;&nbsp;&nbsp;&nbsp;&nbsp;&nbsp;&nbsp;&nbsp;&nbsp;&nbsp;&nbsp;&nbsp;&nbsp;&nbsp;&nbsp;&nbsp;&nbsp;&nbsp;&nbsp;&nbsp;&nbsp;&nbsp;&nbsp;&nbsp;&nbsp;&nbsp;&nbsp;&nbsp;&nbsp;&nbsp;&nbsp;&nbsp;&nbsp;&nbsp;&nbsp;&nbsp;&nbsp;&nbsp;&nbsp;&nbsp;Le principe est tr\u00e8s bien d\u00e9crit sur le site d&rsquo;Alain<\/p>\n\n\n\n<figure class=\"wp-block-image\"><img decoding=\"async\" src=\"https:\/\/www.saga-de-marcel.com\/images\/ballast1%20sm.jpg\" alt=\"\"\/><\/figure>\n\n\n\n<p> &#8211; Le ballast est une partie centrale de la coque, deux cloisons en stratifi\u00e9 \u00e9quidistantes par rapport au centre de gravit\u00e9 sont ajust\u00e9es et r\u00e9sin\u00e9es.<\/p>\n\n\n\n<p>&#8211; Un plancher au fond du ballast permet le passage des fils (servos, batteries etc&#8230;)\u00a0\u00a0\u00a0\u00a0\u00a0\u00a0<\/p>\n\n\n\n<p>&nbsp;&nbsp;&nbsp;&nbsp;&nbsp;&nbsp;&nbsp;&nbsp;&nbsp;&nbsp;&nbsp;&nbsp;&nbsp;&nbsp;&nbsp;&nbsp;&nbsp;&nbsp;&nbsp;&nbsp;&nbsp;&nbsp;<strong>Trac\u00e9 des cloisons&nbsp;&nbsp;&nbsp;&nbsp;&nbsp;&nbsp;&nbsp;&nbsp;&nbsp;&nbsp;&nbsp;&nbsp;&nbsp;&nbsp;&nbsp;&nbsp;&nbsp;&nbsp;&nbsp;&nbsp;&nbsp;&nbsp;&nbsp;&nbsp;&nbsp;&nbsp;&nbsp;&nbsp;&nbsp;&nbsp;&nbsp;&nbsp;&nbsp;&nbsp;&nbsp;&nbsp;&nbsp;&nbsp;&nbsp;&nbsp;&nbsp;&nbsp;&nbsp;&nbsp;&nbsp;&nbsp;&nbsp;&nbsp;&nbsp;&nbsp;&nbsp;&nbsp;&nbsp;&nbsp; D\u00e9coupage des cloisons&nbsp;<\/strong><\/p>\n\n\n\n<figure class=\"wp-block-image\"><img decoding=\"async\" src=\"https:\/\/www.saga-de-marcel.com\/images\/cloison%20ballast.jpg\" alt=\"\"\/><\/figure>\n\n\n\n<figure class=\"wp-block-image\"><img decoding=\"async\" src=\"https:\/\/www.saga-de-marcel.com\/images\/decoupage%20cloison.jpg\" alt=\"\"\/><\/figure>\n\n\n\n<p>&nbsp;&nbsp;&nbsp;&nbsp;&nbsp;&nbsp;&nbsp;&nbsp;&nbsp;&nbsp;&nbsp;&nbsp;&nbsp;&nbsp;&nbsp;&nbsp;&nbsp;&nbsp;&nbsp;&nbsp;&nbsp;&nbsp;&nbsp;&nbsp;&nbsp;&nbsp;&nbsp;&nbsp;&nbsp;&nbsp;&nbsp;&nbsp;&nbsp;&nbsp;&nbsp;&nbsp;&nbsp;&nbsp;&nbsp;&nbsp;&nbsp;&nbsp;&nbsp;&nbsp;&nbsp;&nbsp;&nbsp;&nbsp;&nbsp;&nbsp;&nbsp;&nbsp;&nbsp;&nbsp;&nbsp;&nbsp;&nbsp;&nbsp;&nbsp;&nbsp;&nbsp;&nbsp;&nbsp;&nbsp;&nbsp;&nbsp;&nbsp;&nbsp;&nbsp;&nbsp;&nbsp;&nbsp;&nbsp;<strong>Aper\u00e7u des cloisons du ballast<\/strong>&nbsp;<\/p>\n\n\n\n<figure class=\"wp-block-image\"><img decoding=\"async\" src=\"https:\/\/www.saga-de-marcel.com\/images\/cloisons%20ajustees.jpg\" alt=\"\"\/><\/figure>\n\n\n\n<p>&nbsp;&nbsp;&nbsp;&nbsp;&nbsp;&nbsp;&nbsp;&nbsp;&nbsp;&nbsp;&nbsp;&nbsp;&nbsp;&nbsp;&nbsp;&nbsp;&nbsp;&nbsp;&nbsp;&nbsp;&nbsp;&nbsp;&nbsp;&nbsp;&nbsp;&nbsp;&nbsp;&nbsp;&nbsp;&nbsp;&nbsp;&nbsp;&nbsp;&nbsp;&nbsp;&nbsp;&nbsp;&nbsp;&nbsp;&nbsp;&nbsp;&nbsp;<strong>Principe de fonctionnement pour la plong\u00e9e<\/strong><\/p>\n\n\n\n<p> &#8211;\u00a0La pompe envoie de l&rsquo;eau dans le ballast, l&rsquo;air du ballast s&rsquo;\u00e9chappe par la soupape \u00e0 bille, jusqu&rsquo;ici tout va bien, pas de surpression \u00e0 l&rsquo;int\u00e9rieur du S M ni de d\u00e9pression.<\/p>\n\n\n\n<p>&nbsp;&nbsp;&nbsp;&nbsp;&nbsp;&nbsp;&nbsp;&nbsp;&nbsp;&nbsp;&nbsp;&nbsp;&nbsp;&nbsp;&nbsp;&nbsp;&nbsp;&nbsp;&nbsp;&nbsp;&nbsp;&nbsp;&nbsp;&nbsp;&nbsp;&nbsp;&nbsp;&nbsp;&nbsp;&nbsp;&nbsp;&nbsp;&nbsp;&nbsp;&nbsp;&nbsp;&nbsp;&nbsp;&nbsp;&nbsp;&nbsp;&nbsp;&nbsp;&nbsp;&nbsp;&nbsp;&nbsp;&nbsp;&nbsp;&nbsp;&nbsp;&nbsp;&nbsp;&nbsp;&nbsp;&nbsp;&nbsp;&nbsp;&nbsp;&nbsp;&nbsp;&nbsp;&nbsp;&nbsp;&nbsp;<strong>Pour la remont\u00e9e<\/strong><\/p>\n\n\n\n<p>&#8211; Aspiration de l&rsquo;eau \u00e0 l&rsquo;int\u00e9rieur du ballast, il y a d\u00e9pression\u00a0 \u00e0 l&rsquo;int\u00e9rieur du ballast, c&rsquo;est l\u00e0 qu&rsquo;intervient la poire de 25 cl ou le soufflet qui s&rsquo;\u00e9crase le temps d&rsquo;enlever quelques Cl d&rsquo;eau donc de quelques grammes\u00a0, le SM remonte.<\/p>\n\n\n\n<p> &#8211; D\u00e8s que le p\u00e9riscope sort de l&rsquo;eau l&rsquo;air passe par un tout petit trou de 5\/10\u00e8me fait dans le haut du p\u00e9riscope, la poire ou le soufflet se regonfle et l&rsquo;air qui entre par ce petit trou compense la d\u00e9pression dans le ballast.<\/p>\n\n\n\n<p>Nota: Pour le soufflet acheter l&rsquo;appelant \u00e0 grive musicienne (surtout musicienne sinon cela ne marche pas ha ha )<\/p>\n\n\n\n<p><strong>En fait la poire ou le soufflet ne sert que pour les premiers Centilitres d&rsquo;eau aspir\u00e9s du ballast.<\/strong><\/p>\n\n\n\n<p><strong>\u00a0Le soufflet et sa modification<\/strong><\/p>\n\n\n\n<figure class=\"wp-block-image\"><img decoding=\"async\" src=\"https:\/\/www.saga-de-marcel.com\/images\/l'appelant%20a%20grive.jpg\" alt=\"\"\/><\/figure>\n\n\n\n<p><strong>&nbsp;&nbsp;&nbsp;&nbsp;&nbsp;&nbsp;&nbsp;&nbsp;&nbsp;&nbsp;&nbsp;&nbsp;&nbsp;&nbsp;&nbsp;&nbsp;&nbsp;&nbsp;&nbsp;&nbsp;&nbsp;&nbsp;&nbsp;&nbsp;&nbsp;&nbsp;&nbsp;&nbsp;&nbsp;&nbsp;&nbsp;&nbsp;&nbsp;&nbsp;&nbsp;&nbsp;&nbsp;&nbsp;&nbsp;&nbsp;&nbsp;&nbsp;&nbsp;&nbsp;&nbsp;&nbsp;&nbsp;&nbsp;&nbsp;&nbsp;&nbsp;&nbsp;&nbsp;&nbsp;&nbsp;&nbsp;Le soufflet modifi\u00e9<\/strong><\/p>\n\n\n\n<figure class=\"wp-block-image\"><img decoding=\"async\" src=\"https:\/\/www.saga-de-marcel.com\/images\/soufflet%20et%20admission%20air.jpg\" alt=\"\"\/><\/figure>\n\n\n\n<p><strong>&nbsp;&nbsp;&nbsp;&nbsp;&nbsp;&nbsp;&nbsp;&nbsp;&nbsp;&nbsp;&nbsp;&nbsp;&nbsp;&nbsp;&nbsp;&nbsp;&nbsp;&nbsp;&nbsp;&nbsp;&nbsp;&nbsp;&nbsp;&nbsp;&nbsp;&nbsp;&nbsp;&nbsp;&nbsp;&nbsp;&nbsp;&nbsp;&nbsp;&nbsp;&nbsp;&nbsp;&nbsp;&nbsp;&nbsp;&nbsp;&nbsp;&nbsp;&nbsp;&nbsp;&nbsp;&nbsp;&nbsp;&nbsp;&nbsp;&nbsp;&nbsp; Plans du syst\u00e8me<\/strong><\/p>\n\n\n\n<figure class=\"wp-block-image\"><img decoding=\"async\" src=\"https:\/\/www.saga-de-marcel.com\/images\/dome.jpg\" alt=\"\"\/><\/figure>\n\n\n\n<figure class=\"wp-block-image\"><img decoding=\"async\" src=\"https:\/\/www.saga-de-marcel.com\/images\/soupape.jpg\" alt=\"\"\/><\/figure>\n\n\n\n<figure class=\"wp-block-image\"><img decoding=\"async\" src=\"https:\/\/www.saga-de-marcel.com\/images\/prise%20air.jpg\" alt=\"\"\/><\/figure>\n\n\n\n<p>&nbsp;&nbsp;&nbsp;&nbsp;&nbsp;&nbsp;&nbsp;&nbsp;&nbsp;&nbsp;&nbsp;&nbsp;&nbsp;&nbsp;&nbsp;&nbsp;&nbsp;&nbsp;&nbsp;&nbsp;&nbsp;&nbsp;&nbsp;&nbsp;&nbsp;&nbsp;&nbsp;&nbsp;&nbsp;&nbsp;&nbsp;&nbsp;&nbsp;&nbsp;&nbsp;&nbsp;&nbsp;&nbsp;&nbsp;&nbsp;&nbsp;&nbsp;&nbsp;&nbsp;&nbsp;&nbsp;&nbsp;&nbsp;&nbsp;&nbsp;&nbsp;&nbsp;&nbsp;&nbsp;&nbsp;&nbsp;&nbsp;&nbsp;&nbsp;&nbsp;&nbsp;&nbsp;&nbsp;&nbsp;&nbsp;&nbsp;&nbsp;&nbsp;&nbsp;&nbsp;&nbsp;&nbsp;&nbsp;&nbsp;&nbsp;&nbsp;<strong>Les pi\u00e8ces du syst\u00e8me<\/strong><\/p>\n\n\n\n<figure class=\"wp-block-image\"><img decoding=\"async\" src=\"https:\/\/www.saga-de-marcel.com\/images\/systeme.jpg\" alt=\"\"\/><\/figure>\n\n\n\n<p><strong>&nbsp;&nbsp;&nbsp;&nbsp;&nbsp;&nbsp;&nbsp;&nbsp;&nbsp;&nbsp;&nbsp;&nbsp;&nbsp;&nbsp;&nbsp;&nbsp;&nbsp;&nbsp;&nbsp;&nbsp;&nbsp;&nbsp;&nbsp;&nbsp;&nbsp;&nbsp;&nbsp;&nbsp;&nbsp;&nbsp;&nbsp;&nbsp;&nbsp;&nbsp;&nbsp;&nbsp;&nbsp;&nbsp;&nbsp;&nbsp;&nbsp;&nbsp;&nbsp;&nbsp;&nbsp;&nbsp;&nbsp;&nbsp;&nbsp;&nbsp;&nbsp;&nbsp;&nbsp;&nbsp; Le syst\u00e8me sur coque<\/strong><\/p>\n\n\n\n<figure class=\"wp-block-image\"><img decoding=\"async\" src=\"https:\/\/www.saga-de-marcel.com\/images\/systeme%20sur%20coque.jpg\" alt=\"\"\/><\/figure>\n\n\n\n<p><strong>Remarque : Le syst\u00e8me est montr\u00e9 mont\u00e9 sur du carton pour des essais<\/strong> <strong>de positionnement.\u00a0\u00a0<\/strong><\/p>\n\n\n\n<p><strong>&nbsp;&nbsp;&nbsp;&nbsp;&nbsp;&nbsp;&nbsp;&nbsp;&nbsp;&nbsp;&nbsp;&nbsp;&nbsp;&nbsp;&nbsp;&nbsp;&nbsp;&nbsp;&nbsp;&nbsp;&nbsp;&nbsp;&nbsp;&nbsp;&nbsp;&nbsp;&nbsp;&nbsp;&nbsp;&nbsp;&nbsp;&nbsp;&nbsp;&nbsp;&nbsp;&nbsp;&nbsp;&nbsp;&nbsp;&nbsp;&nbsp;&nbsp;&nbsp;&nbsp;&nbsp;&nbsp;&nbsp;&nbsp;&nbsp;&nbsp;&nbsp; Pont plus syst\u00e8me<\/strong><\/p>\n\n\n\n<figure class=\"wp-block-image\"><img decoding=\"async\" src=\"https:\/\/www.saga-de-marcel.com\/images\/pont%20plus%20systeme.jpg\" alt=\"\"\/><\/figure>\n\n\n\n<p><strong>&nbsp;&nbsp;&nbsp;&nbsp;&nbsp;&nbsp;&nbsp;&nbsp;&nbsp;&nbsp;&nbsp;&nbsp;&nbsp;&nbsp;&nbsp;&nbsp;&nbsp;&nbsp;&nbsp;&nbsp;&nbsp;&nbsp;&nbsp;&nbsp;&nbsp;&nbsp;&nbsp;&nbsp;&nbsp;&nbsp;&nbsp;&nbsp;&nbsp;&nbsp;&nbsp;&nbsp;&nbsp;&nbsp; Le panneau de ballast termin\u00e9<\/strong><\/p>\n\n\n\n<figure class=\"wp-block-image\"><img decoding=\"async\" src=\"https:\/\/www.saga-de-marcel.com\/images\/panneau%20de%20ballast%20termine.jpg\" alt=\"\"\/><\/figure>\n\n\n\n<p><strong>&nbsp;&nbsp;&nbsp;&nbsp;&nbsp;&nbsp;&nbsp;&nbsp;&nbsp;&nbsp;&nbsp;&nbsp;&nbsp;&nbsp;&nbsp;&nbsp;&nbsp;&nbsp;&nbsp;&nbsp;&nbsp;&nbsp;&nbsp;&nbsp;&nbsp;&nbsp;&nbsp;&nbsp;&nbsp;&nbsp;&nbsp;&nbsp;&nbsp;&nbsp;&nbsp; Panneau en place provisoirement<\/strong><\/p>\n\n\n\n<figure class=\"wp-block-image\"><img decoding=\"async\" src=\"https:\/\/www.saga-de-marcel.com\/images\/panneau%20en%20place%20provisoirement.jpg\" alt=\"\"\/><\/figure>\n\n\n\n<p><strong>&nbsp;&nbsp;&nbsp;&nbsp;&nbsp;&nbsp;&nbsp;&nbsp;&nbsp;&nbsp;&nbsp;&nbsp;&nbsp;&nbsp;&nbsp;&nbsp;&nbsp;&nbsp;&nbsp;&nbsp;&nbsp;&nbsp;&nbsp;&nbsp;&nbsp;&nbsp;&nbsp;&nbsp;&nbsp;&nbsp;&nbsp;&nbsp;&nbsp; Les calques des panneaux suivants&nbsp;<\/strong><\/p>\n\n\n\n<figure class=\"wp-block-image\"><img decoding=\"async\" src=\"https:\/\/www.saga-de-marcel.com\/images\/les%20calques%20des%20panneaux.jpg\" alt=\"\"\/><\/figure>\n","protected":false},"excerpt":{"rendered":"<p>\u00a0La , je vais utiliser un nouveau syst\u00e8me qui m&rsquo;a \u00e9t\u00e9 souffl\u00e9 par mon camarade Claude Orensanz et qui figure sur le site d&rsquo;Alain. &#8211; Sur mon site le sous marin \u00e0 \u00e9lastique ne poss\u00e8de &hellip; <\/p>\n","protected":false},"author":1,"featured_media":0,"parent":0,"menu_order":0,"comment_status":"closed","ping_status":"closed","template":"","meta":{"om_disable_all_campaigns":false,"_monsterinsights_skip_tracking":false,"_monsterinsights_sitenote_active":false,"_monsterinsights_sitenote_note":"","_monsterinsights_sitenote_category":0,"footnotes":""},"aioseo_notices":[],"_links":{"self":[{"href":"https:\/\/new.saga-de-marcel.com\/index.php?rest_route=\/wp\/v2\/pages\/165"}],"collection":[{"href":"https:\/\/new.saga-de-marcel.com\/index.php?rest_route=\/wp\/v2\/pages"}],"about":[{"href":"https:\/\/new.saga-de-marcel.com\/index.php?rest_route=\/wp\/v2\/types\/page"}],"author":[{"embeddable":true,"href":"https:\/\/new.saga-de-marcel.com\/index.php?rest_route=\/wp\/v2\/users\/1"}],"replies":[{"embeddable":true,"href":"https:\/\/new.saga-de-marcel.com\/index.php?rest_route=%2Fwp%2Fv2%2Fcomments&post=165"}],"version-history":[{"count":2,"href":"https:\/\/new.saga-de-marcel.com\/index.php?rest_route=\/wp\/v2\/pages\/165\/revisions"}],"predecessor-version":[{"id":211,"href":"https:\/\/new.saga-de-marcel.com\/index.php?rest_route=\/wp\/v2\/pages\/165\/revisions\/211"}],"wp:attachment":[{"href":"https:\/\/new.saga-de-marcel.com\/index.php?rest_route=%2Fwp%2Fv2%2Fmedia&parent=165"}],"curies":[{"name":"wp","href":"https:\/\/api.w.org\/{rel}","templated":true}]}}