{"id":58,"date":"2023-12-24T11:45:32","date_gmt":"2023-12-24T10:45:32","guid":{"rendered":"https:\/\/new.saga-de-marcel.com\/?page_id=58"},"modified":"2023-12-24T18:22:21","modified_gmt":"2023-12-24T17:22:21","slug":"le-u27","status":"publish","type":"page","link":"https:\/\/new.saga-de-marcel.com\/?page_id=58","title":{"rendered":"Le U27"},"content":{"rendered":"\n<p>Premier de la s\u00e9rie VII A portant le num\u00e9ro 27 il fut lanc\u00e9 le 24-06-1936 par le chantier AG WESER &lsquo;(BREMEN) fut mis en service le 12- 08- 1936 fut perdu au combat sous les ordres du Kapitan lieutenant KARLS le 20- 09- 1939, ce qui lui donne une dur\u00e9e de vie de 1134 jours,il fut coul\u00e9 au Nord-Ouest de l&rsquo;Ecosse par des grenades de 2 escorteurs Britanniques HMS FORTUNE et&nbsp; HMS FORESTER.<\/p>\n\n\n\n<p>La position de son \u00e9pave est de 9\u00b0 02 Ouest 58\u00b0Nord<\/p>\n\n\n\n<p>S\u00e9v\u00e8rement grenad\u00e9 il dut faire surface sur avaries majeures, \u00e9vacu\u00e9 par son \u00e9quipage qui fut fait prisonnier sa perte n&rsquo;entraina aucune perte de vie&nbsp; humaine.<\/p>\n\n\n\n<p>Pour m\u00e9moire le U 27 fut le 2\u00e8me sous marin coul\u00e9 durant la 2\u00e8me guerre mondiale inaugurant presque la terrible s\u00e9rie des 759 U-BOOTES coul\u00e9s au combat sur les 1473 construits tous types confondus.<\/p>\n\n\n\n<p>Sur les 1473&nbsp; plus de 500&nbsp; n&rsquo;\u00e9taient pas termin\u00e9s en 1945.<\/p>\n\n\n\n<p>Sur 35815 sous mariniers brevet\u00e9s les pertes&nbsp; en vie humaine au sein de l&rsquo;arme sous marine Allemande fut de 30003 Hommes recenc\u00e9s par la U-BOOTE ARCHIV DER KRIEGSMARINE.<\/p>\n\n\n\n<p>Les sources utilis\u00e9es pour cette \u00e9tude\u00a0sont les suivantes:<\/p>\n\n\n\n<p><em>\u00ab\u00a0Plong\u00e9e 1987\u00a0\u00bb Association Fran\u00e7aise des sous mariniers devenue internationnale (AGAASM)<\/em><\/p>\n\n\n\n<p><em>\u00ab\u00a0Flottes de combat 1940\/1945 (Paris)<\/em><\/p>\n\n\n\n<p><em>\u00ab\u00a0Conway&rsquo;s fichting ships 1922-1946(Londres)<\/em><\/p>\n\n\n\n<p><em>\u00ab\u00a0Macdonald Germans Submarines ( tome 1 ) (Londres)<\/em><\/p>\n\n\n\n<p><em>\u00ab\u00a0U-BOOTE-ARCHIV (Mr HORST BREDOW)<\/em><\/p>\n\n\n\n<p><em>\u00ab\u00a0DIE U BOOTWAFFE (Hambourg)<\/em><\/p>\n\n\n\n<p><strong>PHOTOS\u00a0 DES\u00a0 VRAIS\u00a0 TYPE 7A ET DU U27 EN PARTICULIER\u00a0 A\u00a0 BREME EN\u00a0 1937 ET A KIEL EN 1939\u00a0\u00a0\u00a0\u00a0\u00a0<\/strong><\/p>\n\n\n\n<figure class=\"wp-block-image\"><img decoding=\"async\" src=\"https:\/\/saga-de-marcel.com\/images\/flotillec.jpg\" alt=\"\"\/><\/figure>\n\n\n\n<figure class=\"wp-block-image\"><img decoding=\"async\" src=\"https:\/\/saga-de-marcel.com\/images\/flotilled.jpg\" alt=\"\"\/><\/figure>\n\n\n\n<p><em>Kiel \u00e9t\u00e9 1939. <\/em><\/p>\n\n\n\n<p><em>On aper\u00e7oit\u00a0 au premier plan \u00e0 gauche du b\u00e2timent de surface\u00a0 l&rsquo;U33 et l&rsquo;U34, deux types 7A qui appartiennent \u00e0 la flottille.<\/em><\/p>\n\n\n\n<p>\u00a0\u00a0\u00a0\u00a0\u00a0\u00a0\u00a0\u00a0\u00a0\u00a0\u00a0\u00a0\u00a0\u00a0<em>\u00a0\u00a0\u00a0\u00a0\u00a0\u00a0\u00a0\u00a0 Saltzwedel. A l&rsquo;extr\u00eame gauche il y a un autre type 7A , l&rsquo;U27.<\/em><\/p>\n\n\n\n<p>Photos tir\u00e9es du livre U-BOOTE 1935-1945 de Jean-Philippe Dalles et Labourdette (Histoire st Collection)<\/p>\n\n\n\n<p>&nbsp;&nbsp;&nbsp;&nbsp;&nbsp;&nbsp;&nbsp;&nbsp;&nbsp;&nbsp;&nbsp;&nbsp;&nbsp;&nbsp;&nbsp;&nbsp;&nbsp;&nbsp;&nbsp;&nbsp;&nbsp;&nbsp;&nbsp;&nbsp;&nbsp;&nbsp;&nbsp;&nbsp;&nbsp;&nbsp;&nbsp;&nbsp;&nbsp;&nbsp;&nbsp;&nbsp;&nbsp;&nbsp;&nbsp;&nbsp;&nbsp;&nbsp;&nbsp;&nbsp;&nbsp;&nbsp;&nbsp;&nbsp;&nbsp;&nbsp;&nbsp;&nbsp;&nbsp;&nbsp;&nbsp;&nbsp;&nbsp;&nbsp;&nbsp;&nbsp;&nbsp;&nbsp;&nbsp;&nbsp;&nbsp;&nbsp;&nbsp;&nbsp;&nbsp;<strong>Ci dessous U27 ( sans l\u00e9gende)<\/strong><\/p>\n\n\n\n<figure class=\"wp-block-image is-resized\"><img decoding=\"async\" src=\"https:\/\/saga-de-marcel.com\/images\/U27%20sana%20legende.jpg\" alt=\"\" style=\"width:832px;height:auto\"\/><\/figure>\n","protected":false},"excerpt":{"rendered":"<p>Premier de la s\u00e9rie VII A portant le num\u00e9ro 27 il fut lanc\u00e9 le 24-06-1936 par le chantier AG WESER &lsquo;(BREMEN) fut mis en service le 12- 08- 1936 fut perdu au combat sous les &hellip; <\/p>\n","protected":false},"author":1,"featured_media":0,"parent":0,"menu_order":0,"comment_status":"closed","ping_status":"closed","template":"","meta":{"om_disable_all_campaigns":false,"_monsterinsights_skip_tracking":false,"_monsterinsights_sitenote_active":false,"_monsterinsights_sitenote_note":"","_monsterinsights_sitenote_category":0,"footnotes":""},"aioseo_notices":[],"_links":{"self":[{"href":"https:\/\/new.saga-de-marcel.com\/index.php?rest_route=\/wp\/v2\/pages\/58"}],"collection":[{"href":"https:\/\/new.saga-de-marcel.com\/index.php?rest_route=\/wp\/v2\/pages"}],"about":[{"href":"https:\/\/new.saga-de-marcel.com\/index.php?rest_route=\/wp\/v2\/types\/page"}],"author":[{"embeddable":true,"href":"https:\/\/new.saga-de-marcel.com\/index.php?rest_route=\/wp\/v2\/users\/1"}],"replies":[{"embeddable":true,"href":"https:\/\/new.saga-de-marcel.com\/index.php?rest_route=%2Fwp%2Fv2%2Fcomments&post=58"}],"version-history":[{"count":2,"href":"https:\/\/new.saga-de-marcel.com\/index.php?rest_route=\/wp\/v2\/pages\/58\/revisions"}],"predecessor-version":[{"id":134,"href":"https:\/\/new.saga-de-marcel.com\/index.php?rest_route=\/wp\/v2\/pages\/58\/revisions\/134"}],"wp:attachment":[{"href":"https:\/\/new.saga-de-marcel.com\/index.php?rest_route=%2Fwp%2Fv2%2Fmedia&parent=58"}],"curies":[{"name":"wp","href":"https:\/\/api.w.org\/{rel}","templated":true}]}}