{"id":59,"date":"2023-12-24T11:45:32","date_gmt":"2023-12-24T10:45:32","guid":{"rendered":"https:\/\/new.saga-de-marcel.com\/?page_id=59"},"modified":"2023-12-24T18:34:54","modified_gmt":"2023-12-24T17:34:54","slug":"les-premiers-sous-marins-de-marcel-en-1950","status":"publish","type":"page","link":"https:\/\/new.saga-de-marcel.com\/?page_id=59","title":{"rendered":"Les premiers sous-marins de Marcel en 1950"},"content":{"rendered":"\n<div class=\"wp-block-columns is-layout-flex wp-container-core-columns-layout-1 wp-block-columns-is-layout-flex\">\n<div class=\"wp-block-column is-layout-flow wp-block-column-is-layout-flow\" style=\"flex-basis:100%\">\n<p><strong>J&rsquo;avais environ 12 ans lorsque je fabriquais mon premier sous marin \u00e0 partir d&rsquo;un manche \u00e0 balai, de rayons de roues de Bicyclette d&rsquo;\u00e9lastiques de chambre \u00e0 air et de boites de conserves.<\/strong><\/p>\n<\/div>\n<\/div>\n\n\n\n<p class=\"has-text-align-center\"><strong>Le plan<\/strong><\/p>\n\n\n\n<figure class=\"wp-block-image size-full\"><img loading=\"lazy\" decoding=\"async\" width=\"778\" height=\"533\" src=\"https:\/\/new.saga-de-marcel.com\/wp-content\/uploads\/2023\/12\/plansmmarcel.gif\" alt=\"\" class=\"wp-image-128\"\/><\/figure>\n\n\n<div class=\"wp-block-image\">\n<figure class=\"aligncenter size-full\"><img loading=\"lazy\" decoding=\"async\" width=\"400\" height=\"459\" src=\"https:\/\/new.saga-de-marcel.com\/wp-content\/uploads\/2023\/12\/kiosque.jpg\" alt=\"\" class=\"wp-image-130\" srcset=\"https:\/\/new.saga-de-marcel.com\/wp-content\/uploads\/2023\/12\/kiosque.jpg 400w, https:\/\/new.saga-de-marcel.com\/wp-content\/uploads\/2023\/12\/kiosque-261x300.jpg 261w, https:\/\/new.saga-de-marcel.com\/wp-content\/uploads\/2023\/12\/kiosque-52x60.jpg 52w\" sizes=\"(max-width: 400px) 100vw, 400px\" \/><\/figure><\/div>\n\n\n<p><strong>&#8211; Le manche \u00e0 balai ou le manche d&rsquo;une pioche par exemple( la coque) photo \u00ab\u00a0le manche de pioche pour la coque\u00a0\u00bb<br>&#8211; Les rayons de roues de bicyclette (axe d&rsquo;h\u00e9lice, canon, p\u00e9riscope, manivelle de remontage.) Photo \u00ab\u00a0arbre, canon, p\u00e9riscope\u00a0\u00bb<br>&#8211; La chambre \u00e0 air ,(le moteur)<br>&#8211; Les volets, h\u00e9lice, gouvernail,(t\u00f4les de boites de conserve) photo \u00ab\u00a0Les mat\u00e9riaux\u00a0\u00bb<br>&#8211; Le lest (des plombs de p\u00eache ou un plomb coul\u00e9 dans un petit moule en bois,comme sur la photo)photo \u00ab\u00a0De profil avec le lest\u00a0\u00bb<br>Je passai des heures \u00e0 bricoler des sous marins de ce type,cela ressemblait aux U- BOOTES de la guerre 39-45<br>&#8211; Si vous regardez les rayons de bicyclette de pr\u00e8s vous verrez que la partie la plus proche du moyeu de la roue ressemble \u00e0 un p\u00e9riscope .Photo \u00ab\u00a0rayon c\u00f4t\u00e9 moyeu\u00a0\u00bb<br>&#8211; La partie c\u00f4t\u00e9 jante poss\u00e8de un \u00e9crou ce qui permet de d\u00e9voiler la roue \u00e0 l&rsquo;aide d&rsquo;une clef sp\u00e9ciale. Photo \u00ab\u00a0rayon c\u00f4t\u00e9 jante\u00a0\u00bb<br>Les moyens \u00e0 l&rsquo;\u00e9poque(je parle des ann\u00e9es 1950) \u00e9taient limit\u00e9s, il fallait donc avoir les yeux bien ouverts et le cerveau aussi.<\/strong><\/p>\n\n\n\n<p style=\"font-size:22px\"><strong>Fabrication de la coque<\/strong><\/p>\n\n\n\n<p>&#8211; Sur le manche de pioche, dessiner la vue de dessus au crayon d&rsquo;apr\u00e8s le plan ou votre plan<br>&#8211; Scier , raboter photo \u00ab\u00a0fabrication de la coque\u00a0\u00bb<br>Dessiner la vue de profil , scier, limer, poncer. photos \u00ab\u00a0limage de la coque\u00a0\u00bb \u00ab\u00a0pon\u00e7age de la coque\u00a0\u00bb<\/p>\n\n\n\n<div class=\"wp-block-columns is-layout-flex wp-container-core-columns-layout-2 wp-block-columns-is-layout-flex\">\n<div class=\"wp-block-column is-vertically-aligned-center is-layout-flow wp-block-column-is-layout-flow\" style=\"flex-basis:100%\">\n<figure class=\"wp-block-table\"><table><tbody><tr><td><img loading=\"lazy\" decoding=\"async\" src=\"https:\/\/saga-de-marcel.com\/images\/manchepioche.jpg\" width=\"300\" height=\"225\"><\/td><td><img loading=\"lazy\" decoding=\"async\" src=\"https:\/\/saga-de-marcel.com\/images\/fabricationcoque.jpg\" width=\"300\" height=\"225\"><\/td><\/tr><tr><td><strong>Manche de pioche pour la coque<\/strong><\/td><td><strong>Fabrication coque<\/strong><\/td><\/tr><tr><td><img loading=\"lazy\" decoding=\"async\" src=\"https:\/\/saga-de-marcel.com\/sousma3.jpg\" width=\"300\" height=\"225\"><\/td><td><img loading=\"lazy\" decoding=\"async\" src=\"https:\/\/saga-de-marcel.com\/images\/poncage.jpg\" width=\"300\" height=\"225\"><\/td><\/tr><tr><td><strong>Limage de la coque<\/strong><\/td><td><strong>Pon\u00e7age de la coque<\/strong><\/td><\/tr><\/tbody><\/table><\/figure>\n<\/div>\n<\/div>\n\n\n\n<p style=\"font-size:22px\"><strong><strong>Fabrication du kiosque<\/strong><\/strong><\/p>\n\n\n\n<p>&#8211; Faire des gabarits en papier ou en carton d&rsquo;apr\u00e8s le plan du kiosque de profil et de dessus<br>&#8211; Coller les gabarits sur une planchette de bois \u00e9paisseur 15 mm<br>&#8211; Scier, limer, poncer.<br>Le kiosque peut \u00eatre fix\u00e9 par collage ou clouage.<\/p>\n\n\n\n<p style=\"font-size:22px\"><strong>Fabrication des volets<\/strong><\/p>\n\n\n\n<p>&#8211; Faire des gabarits en papier d&rsquo;apr\u00e8s plan photo \u00ab\u00a0les mat\u00e9riaux\u00a0\u00bb<br>&#8211; Coller ces gabarits sur la t\u00f4le fabriqu\u00e9e \u00e0 partir des boites de conserves ou tracer la t\u00f4le avec les gabarits.<\/p>\n\n\n\n<figure class=\"wp-block-table\"><table><tbody><tr><td><img loading=\"lazy\" decoding=\"async\" src=\"https:\/\/saga-de-marcel.com\/images\/materiaux.jpg\" width=\"300\" height=\"225\"><\/td><td><img loading=\"lazy\" decoding=\"async\" src=\"https:\/\/saga-de-marcel.com\/images\/decoupagevolets.jpg\" width=\"300\" height=\"225\"><\/td><\/tr><tr><td><strong>Les mat\u00e9riaux<\/strong><\/td><td><strong>D\u00e9coupage des volets<\/strong><\/td><\/tr><tr><td><img loading=\"lazy\" decoding=\"async\" src=\"https:\/\/saga-de-marcel.com\/images\/pliagevolets.jpg\" width=\"300\" height=\"225\"><\/td><td><img loading=\"lazy\" decoding=\"async\" src=\"https:\/\/saga-de-marcel.com\/images\/voletsavant.jpg\" width=\"300\" height=\"225\"><\/td><\/tr><tr><td><strong>Pliage des volets<\/strong><\/td><td><strong>Les volets avant<\/strong><\/td><\/tr><\/tbody><\/table><\/figure>\n\n\n\n<p style=\"font-size:22px\"><strong><strong>P\u00e9riscope<\/strong><\/strong><\/p>\n\n\n\n<p><strong>Couper un rayon longueur comme sur le plan photo \u00ab\u00a0fabrication p\u00e9riscope\u00a0\u00bb<\/strong><\/p>\n\n\n\n<figure class=\"wp-block-table\"><table><tbody><tr><td><img loading=\"lazy\" decoding=\"async\" src=\"https:\/\/saga-de-marcel.com\/images\/Fabrication%20periscope.jpg\" width=\"320\" height=\"240\"><\/td><td><img loading=\"lazy\" decoding=\"async\" src=\"https:\/\/saga-de-marcel.com\/images\/fabrication%20canon.jpg\" width=\"320\" height=\"240\"><\/td><\/tr><tr><td><strong>Fabrication p\u00e9riscope<\/strong><\/td><td><strong>Fabrication canon<\/strong><\/td><\/tr><\/tbody><\/table><\/figure>\n\n\n\n<p style=\"font-size:22px\"><strong><strong>Canon<\/strong><\/strong><\/p>\n\n\n\n<figure class=\"wp-block-table\"><table><tbody><tr><td colspan=\"2\"><strong>&#8211; Couper l&rsquo;autre c\u00f4t\u00e9 du rayon longueur comme sur le plan photo \u00ab\u00a0fabrication canon\u00a0\u00bb<br>&#8211; Plier un morceau de t\u00f4le rectangulaire autour d&rsquo;un rayon comme photo \u00ab\u00a0le canon\u00a0\u00bb<\/strong><\/td><\/tr><tr><td><img loading=\"lazy\" decoding=\"async\" src=\"https:\/\/saga-de-marcel.com\/images\/cotejante.jpg\" width=\"300\" height=\"225\"><\/td><td><img loading=\"lazy\" decoding=\"async\" src=\"https:\/\/saga-de-marcel.com\/images\/cotemoyeu.jpg\" width=\"300\" height=\"225\"><\/td><\/tr><tr><td><strong>Rayon c\u00f4t\u00e9 jante<\/strong><\/td><td><strong>Rayon c\u00f4t\u00e9 moyeu<\/strong><\/td><\/tr><\/tbody><\/table><\/figure>\n\n\n\n<figure class=\"wp-block-table\"><table><tbody><tr><td colspan=\"2\"><img loading=\"lazy\" decoding=\"async\" src=\"https:\/\/saga-de-marcel.com\/images\/arbrecanonperiscope.jpg\" width=\"620\" height=\"253\"><\/td><\/tr><tr><td colspan=\"2\"><strong>Arbre canon p\u00e9riscope.<\/strong><\/td><\/tr><tr><td><img loading=\"lazy\" decoding=\"async\" src=\"https:\/\/saga-de-marcel.com\/images\/canon.jpg\" width=\"300\" height=\"225\"><\/td><td><img loading=\"lazy\" decoding=\"async\" src=\"https:\/\/saga-de-marcel.com\/images\/fixationetambot1.jpg\" width=\"300\" height=\"225\"><\/td><\/tr><tr><td><strong>Le canon<\/strong><\/td><td><strong>fixation de l&rsquo;\u00e9tambot<\/strong><\/td><\/tr><\/tbody><\/table><\/figure>\n\n\n\n<figure class=\"wp-block-table\"><table><tbody><tr><td colspan=\"2\"><strong>Etambot<\/strong>lier comme pour le canon un morceau de t\u00f4le rectangulaire de 120*40 autour d&rsquo;un rayon voir photo \u00ab\u00a0l&rsquo;\u00e9tambot et l&rsquo;arbre\u00a0\u00bb<br><strong>Gouvernail<\/strong>Comme photo \u00ab\u00a0le moteur et le gouvernail\u00a0\u00bb<br><strong>Arbre d&rsquo;h\u00e9lice<\/strong>,<br>Plier un rayon c\u00f4t\u00e9 filetage de mani\u00e8re \u00e0 faire une boucle photo \u00ab\u00a0fabrication boucle arbre d&rsquo;h\u00e9lice\u00a0\u00bb, couper photo \u00ab\u00a0finition arbre d&rsquo;h\u00e9lice\u00a0\u00bb<br><img loading=\"lazy\" decoding=\"async\" width=\"320\" height=\"240\" src=\"https:\/\/saga-de-marcel.com\/images\/fabrication%20boucle%20pour%20l--lastique.jpg\"><img loading=\"lazy\" decoding=\"async\" width=\"320\" height=\"240\" src=\"https:\/\/saga-de-marcel.com\/images\/Finition%20arbre%20d-h-lice.jpg\"><br><strong>Fabrication boucle pour l&rsquo;\u00e9lastique<\/strong><br><strong>Finition arbre d&rsquo;h\u00e9lice<\/strong> <strong>Manivelle<\/strong><br>Plier un rayon c\u00f4t\u00e9 filetage comme photo \u00ab\u00a0fabrication manivelle\u00a0\u00bb<br><img loading=\"lazy\" decoding=\"async\" width=\"320\" height=\"240\" src=\"https:\/\/saga-de-marcel.com\/images\/Fabrication%20manivelle.jpg\"><br><strong>Fabrication de la manivelle<\/strong><\/td><\/tr><tr><td><img loading=\"lazy\" decoding=\"async\" src=\"https:\/\/saga-de-marcel.com\/images\/moteurgouvernail.jpg\" width=\"300\" height=\"225\"><\/td><td><img loading=\"lazy\" decoding=\"async\" src=\"https:\/\/saga-de-marcel.com\/images\/profil.jpg\" width=\"300\" height=\"225\"><\/td><\/tr><tr><td><strong>Le moteur et le gouvernail<\/strong><\/td><td><strong>De profil avec le lest.jpg<\/strong><\/td><\/tr><\/tbody><\/table><\/figure>\n\n\n\n<figure class=\"wp-block-table\"><table><tbody><tr><td><strong>MONTAGE DES ELEMENTS<\/strong><strong>&#8211; Fixation par clouage de l&rsquo;\u00e9tambot voir photo \u00ab\u00a0fixation de l&rsquo;\u00e9tambot\u00a0\u00bb<br>&#8211; Fixation des volets voir \u00ab\u00a0plan\u00a0\u00bb<br>&#8211; Fixation du canon clouage voir \u00ab\u00a0plan\u00a0\u00bb<br>&#8211; Percer le passage de la m\u00e2che du gouvernail voir \u00ab\u00a0plan\u00a0\u00bb<br>&#8211; Clouer la pointe c\u00f4t\u00e9 \u00e9trave voir \u00ab\u00a0plan\u00a0\u00bb<\/strong><\/td><\/tr><\/tbody><\/table><\/figure>\n\n\n\n<figure class=\"wp-block-table\"><table><tbody><tr><td><strong>FABRICATION DU MOTEURDans une vielle chambre \u00e0 air de v\u00e9lo, couper des lani\u00e8res ou une lani\u00e8re de caoutchouc de 2 m de long largeur 5mm.<br>Faire un n\u0153ud et plier la lani\u00e8re de fa\u00e7on \u00e0 avoir 4 brins photo \u00ab\u00a0le moteur caoutchouc\u00a0\u00bb<br>Mettre les boucles d&rsquo;une extr\u00eamit\u00e9 c\u00f4t\u00e9 pointe, les boucles de l&rsquo;autre extr\u00eamit\u00e9 dans la boucle de l&rsquo;arbre.<br>FABRICATION DE L&rsquo;HELICE-Dans un morceau de t\u00f4le un peu plus \u00e9pais que la t\u00f4le de la boite de conserve dessiner une h\u00e9lice de diam\u00e8tre 70mm comme photo \u00ab\u00a0le moteur et le gouvernail\u00a0\u00bb et photo \u00ab\u00a0h\u00e9lice\u00a0\u00bb<br>D\u00e9couper ,limer et percer un trou au centre au diam\u00e8tre du rayon de bicyclette<br>Le monter sur l&rsquo;arbre entre les deux \u00e9crous<br>Vriller les pales de fa\u00e7on \u00e0 ce que l&rsquo;h\u00e9lice fasse aller le sous marin en avant et non en arri\u00e8re (r\u00e9fl\u00e9chissez)<br><br>\u00c9QUILIBRAGE<\/strong><br><strong>Fixer des plombs dessous la coque de mani\u00e8re \u00e0 avoir une flottabilit\u00e9 l\u00e9g\u00e8rement positive<\/strong><br><strong>(c&rsquo;est \u00e0 dire \u00e0 la limite du coulage) photo\u00a0\u00bb dans le bassin\u00a0\u00bb<\/strong><\/td><\/tr><\/tbody><\/table><\/figure>\n\n\n\n<figure class=\"wp-block-table\"><table><tbody><tr><td><img loading=\"lazy\" decoding=\"async\" src=\"https:\/\/saga-de-marcel.com\/images\/moteurcaoutchouc.jpg\" width=\"300\" height=\"189\"><\/td><td><img loading=\"lazy\" decoding=\"async\" src=\"https:\/\/saga-de-marcel.com\/images\/helice.jpg\" width=\"152\" height=\"189\"><\/td><\/tr><tr><td><strong>Le moteur caoutchouc<\/strong><\/td><td><strong>l&rsquo;h\u00e9lice<\/strong><\/td><\/tr><\/tbody><\/table><\/figure>\n\n\n\n<figure class=\"wp-block-table\"><table><tbody><tr><td><strong>LES ESSAIS<\/strong><strong>&#8211; Le sous marin bien lest\u00e9,<br>&#8211; L&rsquo;\u00e9lastique bien remont\u00e9 \u00e0 l&rsquo;aide de la manivelle (100 tours et plus)<br>&#8211; Les volets en position de plong\u00e9e voir photo \u00ab\u00a0de face\u00a0\u00bb<br>&#8211; Posez le sous marin dans l&rsquo;eau , l\u00e2chez l&rsquo;h\u00e9lice, vous devez avoir une superbe plong\u00e9e d&rsquo;une dizaine de m\u00e8tres et une remont\u00e9e en l\u00e9g\u00e8re marche arri\u00e8re.<br>Si le sous marin penche un peu \u00e0 cause du couple moteur, inclinez le volet gauche ou droit un peu plus que celui qui lui est oppos\u00e9.<br>J&rsquo;ai \u00e9t\u00e9 oblig\u00e9 de mettre des petits volets suppl\u00e9mentaires \u00e0 l&rsquo;avant car l&rsquo;arbre d&rsquo;h\u00e9lice n&rsquo;\u00e9tait pas parfaitement parall\u00e8le \u00e0 la coque photo \u00ab\u00a0les volets avant\u00a0\u00bb<br>Cette plong\u00e9e est appel\u00e9e plong\u00e9e dynamique, c&rsquo;est la vitesse qui sous l&rsquo;effet des volets provoque la plong\u00e9e.<\/strong><\/td><\/tr><\/tbody><\/table><\/figure>\n\n\n\n<figure class=\"wp-block-table\"><table><tbody><tr><td><img loading=\"lazy\" decoding=\"async\" src=\"https:\/\/saga-de-marcel.com\/images\/vueface.jpg\" width=\"600\" height=\"214\"><\/td><td>&nbsp;<\/td><\/tr><tr><td><strong>Vue de face<\/strong><\/td><\/tr><\/tbody><\/table><\/figure>\n\n\n\n<figure class=\"wp-block-table\"><table><tbody><tr><td><strong>Lorsque j&rsquo;avais 12 ans je ne savais pas ce qu&rsquo;\u00e9tait une plong\u00e9e dynamique peu importait d&rsquo;ailleurs<br>&#8211; Il n&rsquo;y avait pas d&rsquo;interf\u00e9rences radio,<br>&#8211; Pas de limite de profondeur,<br>&#8211; Cela co\u00fbtait z\u00e9ro franc<br>Je me suis amus\u00e9 des heures et des heures et je vous souhaite \u00e0 vous aussi les jeunes de vous amuser avec votre r\u00e9alisation comme je me suis amus\u00e9 lorsque j&rsquo;avais votre age.<br>Le sous marin pr\u00e9sent\u00e9 je l&rsquo;ai fait pour mon petit fils qui a 9 ans et je l&rsquo;ai impliqu\u00e9 dans la r\u00e9alisation, cela ma procur\u00e9 beaucoup de plaisir et je vous souhaite la m\u00eame chose \u00e0 vous les vieux.<\/strong><\/td><\/tr><\/tbody><\/table><\/figure>\n\n\n\n<figure class=\"wp-block-table\"><table><tbody><tr><td><img loading=\"lazy\" decoding=\"async\" src=\"https:\/\/saga-de-marcel.com\/images\/dansbassin.jpg\" width=\"320\" height=\"149\"><\/td><td><img loading=\"lazy\" decoding=\"async\" src=\"https:\/\/saga-de-marcel.com\/images\/petitfils.jpg\" width=\"320\" height=\"240\"><\/td><\/tr><tr><td><strong>Dans le bassin<\/strong><\/td><td><strong>Mon petit-fils et son U28<\/strong><\/td><\/tr><\/tbody><\/table><\/figure>\n\n\n\n<figure class=\"wp-block-table\"><table><tbody><tr><td><strong>Film du sous-marin en train de naviguer sur le lac<\/strong><br>https:\/\/www.youtube.com\/embed\/VvC_SEKhSIs?si=U_EsziJjf0xEJnYv\u00a0<\/td><\/tr><\/tbody><\/table><\/figure>\n","protected":false},"excerpt":{"rendered":"<p>J&rsquo;avais environ 12 ans lorsque je fabriquais mon premier sous marin \u00e0 partir d&rsquo;un manche \u00e0 balai, de rayons de roues de Bicyclette d&rsquo;\u00e9lastiques de chambre \u00e0 air et de boites de conserves. Le plan &hellip; <\/p>\n","protected":false},"author":1,"featured_media":0,"parent":0,"menu_order":0,"comment_status":"closed","ping_status":"closed","template":"","meta":{"om_disable_all_campaigns":false,"_monsterinsights_skip_tracking":false,"_monsterinsights_sitenote_active":false,"_monsterinsights_sitenote_note":"","_monsterinsights_sitenote_category":0,"footnotes":""},"aioseo_notices":[],"_links":{"self":[{"href":"https:\/\/new.saga-de-marcel.com\/index.php?rest_route=\/wp\/v2\/pages\/59"}],"collection":[{"href":"https:\/\/new.saga-de-marcel.com\/index.php?rest_route=\/wp\/v2\/pages"}],"about":[{"href":"https:\/\/new.saga-de-marcel.com\/index.php?rest_route=\/wp\/v2\/types\/page"}],"author":[{"embeddable":true,"href":"https:\/\/new.saga-de-marcel.com\/index.php?rest_route=\/wp\/v2\/users\/1"}],"replies":[{"embeddable":true,"href":"https:\/\/new.saga-de-marcel.com\/index.php?rest_route=%2Fwp%2Fv2%2Fcomments&post=59"}],"version-history":[{"count":2,"href":"https:\/\/new.saga-de-marcel.com\/index.php?rest_route=\/wp\/v2\/pages\/59\/revisions"}],"predecessor-version":[{"id":141,"href":"https:\/\/new.saga-de-marcel.com\/index.php?rest_route=\/wp\/v2\/pages\/59\/revisions\/141"}],"wp:attachment":[{"href":"https:\/\/new.saga-de-marcel.com\/index.php?rest_route=%2Fwp%2Fv2%2Fmedia&parent=59"}],"curies":[{"name":"wp","href":"https:\/\/api.w.org\/{rel}","templated":true}]}}