{"id":60,"date":"2023-12-24T11:45:32","date_gmt":"2023-12-24T10:45:32","guid":{"rendered":"https:\/\/new.saga-de-marcel.com\/?page_id=60"},"modified":"2023-12-24T18:40:25","modified_gmt":"2023-12-24T17:40:25","slug":"le-u27-au-1-50eme-en-1959-60","status":"publish","type":"page","link":"https:\/\/new.saga-de-marcel.com\/?page_id=60","title":{"rendered":"Le U27 au 1\/50\u00e8me d&rsquo;apr\u00e8s les plans MRB en 1959 -60"},"content":{"rendered":"\n<p style=\"font-size:22px;font-style:normal;font-weight:600\">En 1959-1960 pendant mon service militaire en Alg\u00e9rie j&rsquo;ai construit le sous marin <br>U27 au 1\/50\u00e8me d&rsquo;apr\u00e8s les plans de MRB.<\/p>\n\n\n\n<p>C&rsquo;\u00e9tait une usine \u00e0 gaz m\u00e9canique mais cela a fonctionn\u00e9 tout de m\u00eame.<\/p>\n\n\n\n<figure class=\"wp-block-image is-resized\"><img decoding=\"async\" src=\"https:\/\/saga-de-marcel.com\/images\/En%20Alg-rie%201960%20b.JPG\" alt=\"\" style=\"width:819px;height:auto\"\/><figcaption class=\"wp-element-caption\"><em>Photo en Alg\u00e9rie en 1960 avec le Vertol H21<\/em><\/figcaption><\/figure>\n\n\n\n<p>Premi\u00e8res navigations dans mon village natal \u00e0 Couthures\/Garonne dans la Garonne. J&rsquo;avais fabriqu\u00e9 un programmateur \u00e0 partir d&rsquo;un vieux r\u00e9veil, le cycle (navigation en surface, plong\u00e9e, et surface environ 3 mn)<\/p>\n\n\n\n<figure class=\"wp-block-image is-resized\"><img decoding=\"async\" src=\"https:\/\/saga-de-marcel.com\/images\/A%20Couthures%20en%201961.JPG\" alt=\"\" style=\"width:970px;height:auto\"\/><figcaption class=\"wp-element-caption\"><em>Photo de l&rsquo;U27 dans la Garonne en 1961<\/em><\/figcaption><\/figure>\n","protected":false},"excerpt":{"rendered":"<p>En 1959-1960 pendant mon service militaire en Alg\u00e9rie j&rsquo;ai construit le sous marin U27 au 1\/50\u00e8me d&rsquo;apr\u00e8s les plans de MRB. C&rsquo;\u00e9tait une usine \u00e0 gaz m\u00e9canique mais cela a fonctionn\u00e9 tout de m\u00eame. Premi\u00e8res &hellip; <\/p>\n","protected":false},"author":1,"featured_media":0,"parent":0,"menu_order":0,"comment_status":"closed","ping_status":"closed","template":"","meta":{"om_disable_all_campaigns":false,"_monsterinsights_skip_tracking":false,"_monsterinsights_sitenote_active":false,"_monsterinsights_sitenote_note":"","_monsterinsights_sitenote_category":0,"footnotes":""},"aioseo_notices":[],"_links":{"self":[{"href":"https:\/\/new.saga-de-marcel.com\/index.php?rest_route=\/wp\/v2\/pages\/60"}],"collection":[{"href":"https:\/\/new.saga-de-marcel.com\/index.php?rest_route=\/wp\/v2\/pages"}],"about":[{"href":"https:\/\/new.saga-de-marcel.com\/index.php?rest_route=\/wp\/v2\/types\/page"}],"author":[{"embeddable":true,"href":"https:\/\/new.saga-de-marcel.com\/index.php?rest_route=\/wp\/v2\/users\/1"}],"replies":[{"embeddable":true,"href":"https:\/\/new.saga-de-marcel.com\/index.php?rest_route=%2Fwp%2Fv2%2Fcomments&post=60"}],"version-history":[{"count":2,"href":"https:\/\/new.saga-de-marcel.com\/index.php?rest_route=\/wp\/v2\/pages\/60\/revisions"}],"predecessor-version":[{"id":145,"href":"https:\/\/new.saga-de-marcel.com\/index.php?rest_route=\/wp\/v2\/pages\/60\/revisions\/145"}],"wp:attachment":[{"href":"https:\/\/new.saga-de-marcel.com\/index.php?rest_route=%2Fwp%2Fv2%2Fmedia&parent=60"}],"curies":[{"name":"wp","href":"https:\/\/api.w.org\/{rel}","templated":true}]}}