{"id":61,"date":"2023-12-24T11:45:32","date_gmt":"2023-12-24T10:45:32","guid":{"rendered":"https:\/\/new.saga-de-marcel.com\/?page_id=61"},"modified":"2023-12-24T18:44:46","modified_gmt":"2023-12-24T17:44:46","slug":"le-u27-au-1-50eme-en-1991","status":"publish","type":"page","link":"https:\/\/new.saga-de-marcel.com\/?page_id=61","title":{"rendered":"Le U27 au 1\/50\u00e8me en 1991"},"content":{"rendered":"\n<p>Trente ans apr\u00e8s\u00a0 en 1991 je reprends l&rsquo;U 27 de mes vingt ans qui dormait sur une \u00e9tag\u00e8re. Je refais tout le syst\u00e8me de plong\u00e9e par pistons avec tiges filet\u00e9es et r\u00e9ducteurs et je radiocommande le tout.<\/p>\n\n\n\n<p>Ce n&rsquo;est pas tr\u00e8s concluant :<br>&#8211; Les pistons actionn\u00e9s par les r\u00e9ducteurs et la tige filet\u00e9e finissent apr\u00e8s plusieurs aller-retour \u00e0 \u00eatre\u00a0 tr\u00e8s durs \u00e0 man\u0153uvrer.<br>&#8211; L&rsquo;\u00e9tanch\u00e9it\u00e9 n&rsquo;est pas parfaite<br>&#8211; Le sous marin \u00e9tant en bois la moindre goutte d&rsquo;eau \u00e0 l&rsquo;int\u00e9rieur provoque des fentes sur la coque et donc du travail de remise en \u00e9tat.<br>&#8211; Le mod\u00e8le \u00e9tant tr\u00e8s petit et encombr\u00e9 par la m\u00e9canique le moindre \u00e9crou la moindre vis \u00e0 monter ou d\u00e9monter demande une habilit\u00e9 extr\u00eame ce qui entame s\u00e9rieusement ma patience.<\/p>\n\n\n\n<p>Au bout de quelques essais l&rsquo;U 27 retourne sur son \u00e9tag\u00e8re.<\/p>\n\n\n\n<figure class=\"wp-block-image is-resized\"><img decoding=\"async\" src=\"https:\/\/saga-de-marcel.com\/images\/refonte.JPG\" alt=\"\" style=\"width:418px;height:auto\"\/><figcaption class=\"wp-element-caption\"><strong>Dans le lac de Parentis en 1991<\/strong><\/figcaption><\/figure>\n\n\n\n<div class=\"wp-block-columns is-layout-flex wp-container-core-columns-layout-1 wp-block-columns-is-layout-flex\">\n<div class=\"wp-block-column is-layout-flow wp-block-column-is-layout-flow\" style=\"flex-basis:100%\">\n<p><img loading=\"lazy\" decoding=\"async\" width=\"351\" height=\"219\" src=\"https:\/\/saga-de-marcel.com\/images\/pistons%20ballasts.JPG\"><br><strong>La m\u00e9canique d\u00e9mont\u00e9e<\/strong><\/p>\n<\/div>\n<\/div>\n","protected":false},"excerpt":{"rendered":"<p>Trente ans apr\u00e8s\u00a0 en 1991 je reprends l&rsquo;U 27 de mes vingt ans qui dormait sur une \u00e9tag\u00e8re. Je refais tout le syst\u00e8me de plong\u00e9e par pistons avec tiges filet\u00e9es et r\u00e9ducteurs et je radiocommande &hellip; <\/p>\n","protected":false},"author":1,"featured_media":0,"parent":0,"menu_order":0,"comment_status":"closed","ping_status":"closed","template":"","meta":{"om_disable_all_campaigns":false,"_monsterinsights_skip_tracking":false,"_monsterinsights_sitenote_active":false,"_monsterinsights_sitenote_note":"","_monsterinsights_sitenote_category":0,"footnotes":""},"aioseo_notices":[],"_links":{"self":[{"href":"https:\/\/new.saga-de-marcel.com\/index.php?rest_route=\/wp\/v2\/pages\/61"}],"collection":[{"href":"https:\/\/new.saga-de-marcel.com\/index.php?rest_route=\/wp\/v2\/pages"}],"about":[{"href":"https:\/\/new.saga-de-marcel.com\/index.php?rest_route=\/wp\/v2\/types\/page"}],"author":[{"embeddable":true,"href":"https:\/\/new.saga-de-marcel.com\/index.php?rest_route=\/wp\/v2\/users\/1"}],"replies":[{"embeddable":true,"href":"https:\/\/new.saga-de-marcel.com\/index.php?rest_route=%2Fwp%2Fv2%2Fcomments&post=61"}],"version-history":[{"count":2,"href":"https:\/\/new.saga-de-marcel.com\/index.php?rest_route=\/wp\/v2\/pages\/61\/revisions"}],"predecessor-version":[{"id":147,"href":"https:\/\/new.saga-de-marcel.com\/index.php?rest_route=\/wp\/v2\/pages\/61\/revisions\/147"}],"wp:attachment":[{"href":"https:\/\/new.saga-de-marcel.com\/index.php?rest_route=%2Fwp%2Fv2%2Fmedia&parent=61"}],"curies":[{"name":"wp","href":"https:\/\/api.w.org\/{rel}","templated":true}]}}