{"id":62,"date":"2023-12-24T11:45:32","date_gmt":"2023-12-24T10:45:32","guid":{"rendered":"https:\/\/new.saga-de-marcel.com\/?page_id=62"},"modified":"2023-12-25T11:52:38","modified_gmt":"2023-12-25T10:52:38","slug":"le-u27-au-1-32eme-en-1992","status":"publish","type":"page","link":"https:\/\/new.saga-de-marcel.com\/?page_id=62","title":{"rendered":"Le U27 au 1\/32\u00e8me en 1992"},"content":{"rendered":"\n<p>En 1992 le virus me reprendsde plus belle et j&rsquo;entreprends la construction du m\u00eame U27 mais \u00e0 l&rsquo;\u00e9chelle 1\/32 \u00e8me et non au 1\/50 \u00e8me ce qui fait une b\u00eate impressionnante de 23 kgs et de 1 m 87&nbsp; et en stratifi\u00e9 cette fois.<\/p>\n\n\n\n<p>Premi\u00e8re mise \u00e0 l&rsquo;eau en 1994 c&rsquo;est une r\u00e9ussite, je fais des photos, un article avec plans et j&rsquo;envoie le tout \u00e0 la revue MRB qui publie l&rsquo;ensemble dans le\u00a0<a href=\"https:\/\/saga-de-marcel.com\/pages\/22_mrb380.htm\">N\u00b0 380 de juillet 1995<\/a>.<\/p>\n\n\n\n<figure class=\"wp-block-table\"><table><tbody><tr><td><img loading=\"lazy\" decoding=\"async\" width=\"320\" height=\"213\" src=\"https:\/\/saga-de-marcel.com\/images\/En%20surface%20U%2027%20au%2032-me.JPG\" alt=\"En surface dans le lac de Parentis\"><br>En surface dans le lac de Parentis<\/td><td><img loading=\"lazy\" decoding=\"async\" width=\"320\" height=\"213\" src=\"https:\/\/saga-de-marcel.com\/images\/Il%20plonge.JPG\" alt=\"Ie U27 en plong\u00e9e\"><br>Il plonge<\/td><\/tr><\/tbody><\/table><\/figure>\n\n\n\n<p>Mon cahier des charges \u00e9tait le suivant<\/p>\n\n\n\n<ul>\n<li>Gros mod\u00e8le<\/li>\n\n\n\n<li>En stratifi\u00e9<\/li>\n\n\n\n<li>Avec chasse \u00e0 l&rsquo;air comprim\u00e9<\/li>\n\n\n\n<li>Tirer des torpilles fonctionnelles<\/li>\n<\/ul>\n\n\n\n<figure class=\"wp-block-table\"><table><tbody><tr><td><img loading=\"lazy\" decoding=\"async\" width=\"320\" height=\"240\" src=\"https:\/\/saga-de-marcel.com\/images\/Syst-me%20de%20chasse%20et%20de%20purge.jpg\" alt=\"systeme de chasse et de purge\"><br>Syst\u00e8me de chasse et de purge<\/td><td><img loading=\"lazy\" decoding=\"async\" src=\"https:\/\/saga-de-marcel.com\/images\/tir%20torpille.jpg\" alt=\"Tir Torpille droite\" width=\"320\" height=\"217\">Tir torpille<\/td><\/tr><\/tbody><\/table><\/figure>\n\n\n\n<p>Ayant d\u00e9cid\u00e9 de faire mon sous marin en stratifi\u00e9 il a donc fallu que je fasse<\/p>\n\n\n\n<p>&#8211; Un moule de la coque et du pont<\/p>\n\n\n\n<p>&nbsp;Pour faire le moule il a fallu que je fasse<\/p>\n\n\n\n<p>&#8211; un mod\u00e8le en bois plein en 3 parties du sous marin .\u00a0<\/p>\n\n\n\n<p>Coque 2 parties<\/p>\n\n\n\n<p>Pont et kiosque une partie<\/p>\n\n\n\n<p>DONC<\/p>\n\n\n\n<p>1) Fabrication d&rsquo;un mod\u00e8le en bois plein en deux parties pour la coque et une partie pour le\u00a0pont et le\u00a0kiosque<\/p>\n\n\n\n<p>2) A\u00a0 partir du mod\u00e8le en bois plein fabrication d&rsquo;un moule en deux parties pour la\u00a0coque\u00a0(moule en stratifi\u00e9 avec des renforts de rigidit\u00e9.)<\/p>\n\n\n\n<p>3) Fabrication d&rsquo;un moule en une partie pour le pont et le kiosque<\/p>\n\n\n\n<p>4) Fabrication de deux demi-coques en stratifi\u00e9<\/p>\n\n\n\n<p>5) Fabrication du pont et du kiosque en stratifi\u00e9<\/p>\n\n\n\n<p>6) Assemblage des deux demi-coques.<\/p>\n\n\n\n<p>NOTA :&nbsp;Ayant vendu le moule et le mod\u00e8le et n&rsquo;ayant pas fait de&nbsp;photos \u00e0 l&rsquo;\u00e9poque voir la fabrication du U 27 au 1\/50 \u00e8me en 2005 2006&nbsp; avec photos du moule&nbsp;&nbsp;<\/p>\n\n\n\n<p>Chasse \u00e0 l&rsquo;air comprim\u00e9<\/p>\n\n\n\n<p>DONC<\/p>\n\n\n\n<p>&#8211; Compresseur d&rsquo;air embarqu\u00e9, compresseur sur 12 volts (se trouve dans le\u00a0commerce\u00a0 et sert \u00e0 gonfler les pneus de voiture branch\u00e9 sur la prise allume cigare)<\/p>\n\n\n\n<p>&#8211; R\u00e9serve d&rsquo;air environ 1l 5 avec manom\u00e8tre indicateur de pression.<\/p>\n\n\n\n<p>&#8211; Deux ballasts (1 \u00e0 l&rsquo;avant, environ 1l 5 et\u00a0 1 \u00e0 l&rsquo;arri\u00e8re 1l 5) c&rsquo;est la coque qui se remplit (des cloisons \u00e9tanches en stratifi\u00e9 isolent le reste du sous-marin)<\/p>\n\n\n\n<p>Mise en oeuvre<\/p>\n\n\n\n<p>&#8211;\u00a0Remplissage de la r\u00e9serve d&rsquo;air \u00e0 terre par mise en route du compresseur (4 bars )<\/p>\n\n\n\n<p>&#8211; Plong\u00e9e, remplissage des ballasts AV et AR par ouverture des valves de purge qui laissent \u00e9chapper l&rsquo;air des ballasts et ainsi laissent l&rsquo;eau p\u00e9n\u00e9trer dans\u00a0ceux-ci.<\/p>\n\n\n\n<p>(Les entr\u00e9es d&rsquo;eau se trouvent au niveau de la quille) remplir jusqu&rsquo;\u00e0 ce que le\u00a0 kiosque disparaisse presque en entier (l\u00e9g\u00e8rement positif)<\/p>\n\n\n\n<figure class=\"wp-block-image\"><img decoding=\"async\" src=\"https:\/\/saga-de-marcel.com\/images\/Systeme%20de%20purge%20et%20de%20chasse.JPG\" alt=\"\"\/><\/figure>\n\n\n\n<p>plan du&nbsp; syst\u00e8me de purge et de chasse<\/p>\n\n\n\n<p>Navigation sous marine par volets<\/p>\n\n\n\n<p>Pilotage par barre de plong\u00e9e arri\u00e8re barre asservie par un pendule ce qui permet une navigation en plong\u00e9e stable, possibilit\u00e9 par mixage de piloter au manche ou par le pendule (Pour le pendule aide de Guy Boniface)<\/p>\n\n\n\n<figure class=\"wp-block-table\"><table><tbody><tr><td><img loading=\"lazy\" decoding=\"async\" width=\"243\" height=\"222\" src=\"https:\/\/saga-de-marcel.com\/images\/Purge.JPG\"><br>Valve de purge<\/td><td><img loading=\"lazy\" decoding=\"async\" width=\"206\" height=\"320\" src=\"https:\/\/saga-de-marcel.com\/images\/Pendule2.JPG\"><br>Pendule tout ou rien<\/td><\/tr><tr><td><img loading=\"lazy\" decoding=\"async\" width=\"320\" height=\"240\" src=\"https:\/\/saga-de-marcel.com\/images\/barre_arriere.jpg\"><br>Barre Arriere<\/td><td><img loading=\"lazy\" decoding=\"async\" width=\"320\" height=\"258\" src=\"https:\/\/saga-de-marcel.com\/images\/Chasse.JPG\"><br>Valve de Chasse<\/td><\/tr><\/tbody><\/table><\/figure>\n\n\n\n<p>Remont\u00e9e en surface<\/p>\n\n\n\n<p>Envoie de l&rsquo;air de la r\u00e9serve dans les ballasts par appui sur les valves AV et AR l&rsquo;eau s&rsquo;\u00e9vacue par ou elle est entr\u00e9e c&rsquo;est \u00e0 dire dessous.<\/p>\n\n\n\n<p>Par le contact avec d&rsquo;autres sous mariniers et l&rsquo;apport par ceux-ci de documents.<\/p>\n\n\n\n<p>&#8211; Fabrication du canon de 88 mm<\/p>\n\n\n\n<p>&#8211; Fabrication du canon de 20 mm<\/p>\n\n\n\n<figure class=\"wp-block-table\"><table><tbody><tr><td><img loading=\"lazy\" decoding=\"async\" width=\"320\" height=\"240\" src=\"https:\/\/saga-de-marcel.com\/images\/Le%20canon%20de%2088%20mm.JPG\"><br>Le canon de 88 mm<\/td><td><img loading=\"lazy\" decoding=\"async\" width=\"357\" height=\"233\" src=\"https:\/\/saga-de-marcel.com\/images\/Le%20canon%20%20de%2020mm.JPG\"><br>Le canon de 20 mm<\/td><\/tr><\/tbody><\/table><\/figure>\n\n\n\n<p><strong>La propulsion<\/strong><\/p>\n\n\n\n<p>&nbsp; &nbsp;&nbsp;1 batterie de 12 volts 6,8 Ah (compresseur + moteurs)<\/p>\n\n\n\n<p>&nbsp;&nbsp;&nbsp; 2 moteurs avec r\u00e9duction 1\/6<\/p>\n\n\n\n<p>&nbsp;&nbsp;&nbsp; 2 cardans de liaison r\u00e9ducteur arbres d&rsquo;h\u00e9lices<\/p>\n\n\n\n<p>&nbsp;&nbsp;&nbsp; 2 variateurs de vitesse 1 par h\u00e9lice<\/p>\n\n\n\n<p><strong>L&rsquo;\u00e9tanch\u00e9it\u00e9 des tubes d&rsquo;\u00e9tambot<\/strong><\/p>\n\n\n\n<p>Comme le plan le montre il y a un espace important entre l&rsquo;arbre de diam\u00e8tre 6 mm et l&rsquo;int\u00e9rieur du tube d&rsquo;\u00e9tambot,c&rsquo;est dans cet espace que j&rsquo;introduis de la graisse \u00e0 l&rsquo;aide d&rsquo;une seringue par le trou taraud\u00e9 pr\u00e9vu.<\/p>\n\n\n\n<p>NOTA: En 10 ans je n&rsquo;ai pas eu \u00e0 remettre de la graisse, le syst\u00e8me est parfaitement \u00e9tanche et r\u00e9siste m\u00eame \u00e0 la pressurisation<\/p>\n\n\n\n<figure class=\"wp-block-table\"><table><tbody><tr><td><img loading=\"lazy\" decoding=\"async\" width=\"341\" height=\"256\" src=\"https:\/\/saga-de-marcel.com\/images\/Etambot.jpg\"><br>Le tube d&rsquo;\u00e9tambot<\/td><td><img loading=\"lazy\" decoding=\"async\" width=\"347\" height=\"258\" src=\"https:\/\/saga-de-marcel.com\/images\/Plan_tube_etambot.jpg\"><br>Plan du tube d&rsquo;\u00e9tambot<\/td><\/tr><\/tbody><\/table><\/figure>\n\n\n\n<p>L&rsquo;\u00e9tanch\u00e9it\u00e9 des axes des barres de plong\u00e9e AR<\/p>\n\n\n\n<p>Celle ci est r\u00e9alis\u00e9e par joints toriques (voir plan)<\/p>\n\n\n\n<figure class=\"wp-block-table\"><table><tbody><tr><td><img loading=\"lazy\" decoding=\"async\" src=\"https:\/\/saga-de-marcel.com\/images\/Plan%20Volets%20de%20profondeur%20AR.JPG\" width=\"320\" height=\"237\"><\/td><td><img loading=\"lazy\" decoding=\"async\" src=\"https:\/\/saga-de-marcel.com\/images\/barres%20arriere%20de%20dessus.jpg\" width=\"320\" height=\"240\"><\/td><\/tr><\/tbody><\/table><\/figure>\n\n\n\n<p>L&rsquo;\u00e9tanch\u00e9it\u00e9 des barres de plong\u00e9e AV<\/p>\n\n\n\n<p>&#8211; Joints toriques aussi (voir plan )<\/p>\n\n\n\n<figure class=\"wp-block-table\"><table><tbody><tr><td><img loading=\"lazy\" decoding=\"async\" src=\"https:\/\/saga-de-marcel.com\/images\/Plan%20volets%20avant.JPG\" width=\"320\" height=\"434\"><\/td><td><img loading=\"lazy\" decoding=\"async\" src=\"https:\/\/saga-de-marcel.com\/images\/Barres%20de%20plongee%20AV.jpg\" width=\"320\" height=\"240\"><\/td><\/tr><\/tbody><\/table><\/figure>\n\n\n\n<p>L&rsquo;\u00e9tanch\u00e9it\u00e9 du gouvernail et du passage des commandes dans le ballast AR<\/p>\n\n\n\n<p>&#8211; Encore joints toriques (voir plan)<\/p>\n\n\n\n<figure class=\"wp-block-table\"><table><tbody><tr><td><img loading=\"lazy\" decoding=\"async\" src=\"https:\/\/saga-de-marcel.com\/images\/Plan%20gouvern,cloison.jpg\" width=\"320\" height=\"237\"><\/td><td><img loading=\"lazy\" decoding=\"async\" src=\"https:\/\/saga-de-marcel.com\/images\/barre_arriere.jpg\" width=\"320\" height=\"240\"><\/td><\/tr><\/tbody><\/table><\/figure>\n\n\n\n<p>L&rsquo;\u00e9tanch\u00e9it\u00e9 des commandes radio,moteurs,compresseur&nbsp;&nbsp;<\/p>\n\n\n\n<p>L\u00e0 aussi joints toriques<\/p>\n\n\n\n<p>&#8211; Boutons crant\u00e9s et fourchettes actionnant les interrupteurs<\/p>\n\n\n\n<p>&#8211; Les joints toriques sont sur les axes qui traversent le Lexan\u00a0<\/p>\n\n\n\n<figure class=\"wp-block-image\"><img decoding=\"async\" src=\"https:\/\/saga-de-marcel.com\/images\/etancheite%20des%20commandes.jpg\" alt=\"\"\/><\/figure>\n\n\n\n<p>L&rsquo;\u00e9tanch\u00e9it\u00e9 ou la mise hors d&rsquo;eau de tous les composants\u00a0\u00e9lectriques, m\u00e9caniques, \u00e9lectroniques.\u00a0\u00a0\u00a0\u00a0\u00a0\u00a0\u00a0\u00a0\u00a0\u00a0\u00a0\u00a0\u00a0\u00a0\u00a0\u00a0\u00a0<\/p>\n\n\n\n<p>L&rsquo;\u00e9tanch\u00e9it\u00e9 est r\u00e9alis\u00e9e par joint caoutchouc n\u00e9opr\u00e8ne de 1,5 mm et panneaux de polycarbonate de 4 mm<\/p>\n\n\n\n<p>131 vis M4 avec rondelles et \u00e9crous participent \u00e0 cette \u00e9tanch\u00e9it\u00e9 qui est parfaite. (Vis ,rondelles, \u00e9crous en Aluminium)<\/p>\n\n\n\n<p>C&rsquo;est vrai cela fait beaucoup mais c&rsquo;est tout l&rsquo;int\u00e9rieur du sous marin qui est accessible. Pour la charge, je n&rsquo;ouvre que le panneau donnant acc\u00e8s aux cordons de charge.Ne vous laissez pas impressionner ou influencer par ceux qui disent que c&rsquo;est trop,pensez que vous ne d\u00e9vissez pas tous les jours.<\/p>\n\n\n\n<p>IMPORTANT :&nbsp;Batterie au plomb donc d\u00e9gagement d&rsquo;hydrog\u00e8ne il faut donc laisser a\u00e9rer.&nbsp;&nbsp;&nbsp;&nbsp;&nbsp;&nbsp;&nbsp;&nbsp;&nbsp;&nbsp;<\/p>\n\n\n\n<figure class=\"wp-block-image\"><img decoding=\"async\" src=\"https:\/\/saga-de-marcel.com\/images\/Coque%20et%20pont%20vus%20de%20dessus.jpg\" alt=\"\"\/><\/figure>\n\n\n\n<p>Quelque photos des moteurs, compresseur, variateurs du&nbsp; sous marin au 1\/32\u00e8me&nbsp;<\/p>\n\n\n\n<p>LE COMPRESSEUR<\/p>\n\n\n\n<figure class=\"wp-block-image\"><img decoding=\"async\" src=\"https:\/\/saga-de-marcel.com\/images\/le%20compresseur.JPG\" alt=\"\"\/><\/figure>\n\n\n\n<p>LES MOTEURS ET CARDANS<\/p>\n\n\n\n<figure class=\"wp-block-image\"><img decoding=\"async\" src=\"https:\/\/saga-de-marcel.com\/images\/moteurs.JPG\" alt=\"\"\/><\/figure>\n\n\n\n<p>MOTEURS ET COMPRESSEUR<\/p>\n\n\n\n<figure class=\"wp-block-image\"><img decoding=\"async\" src=\"https:\/\/saga-de-marcel.com\/images\/moteurs%20et%20compresseur.JPG\" alt=\"\"\/><\/figure>\n\n\n\n<p>LES VARIATEURS ET SERVOS DIRECTION, PROFONDEUR, BALLAST<\/p>\n\n\n\n<figure class=\"wp-block-image\"><img decoding=\"async\" src=\"https:\/\/saga-de-marcel.com\/images\/les%20variateurs.JPG\" alt=\"\"\/><\/figure>\n\n\n\n<p>SYSTEME COMPLET DE MON COMPRESSEUR EMBARQUE, ET DE LA SECURITE 2 m\u00e8tres<\/p>\n\n\n\n<p>Le compresseur met sous pression les deux r\u00e9servoirs bleus ainsi que le petit r\u00e9servoir en cuivre, valve anti retour sur les deux r\u00e9servoirs. Le r\u00e9servoir bleu est fabriqu\u00e9 \u00e0 partir d&rsquo;un gros tube en acier sci\u00e9 dans le sens de la longueur sur lequel j&rsquo;ai soud\u00e9 \u00e0 l&rsquo;arc deux couvercles.<\/p>\n\n\n\n<p>Le distributeur pneumatique envoie l&rsquo;air dans les deux ballasts si la membrane en n\u00e9opr\u00e8ne l&rsquo;actionne, c&rsquo;est la s\u00e9curit\u00e9 deux m\u00e8tres. (c&rsquo;est seulement l&rsquo;air du r\u00e9servoir cuivre qui chasse)<\/p>\n\n\n\n<p>A droite en bas , le Y en boucle pour des essais d&rsquo;\u00e9tanch\u00e9it\u00e9 distribue l&rsquo;air du r\u00e9servoir bleu dans mon syst\u00e8me de chasse aux ballast et dans mon syst\u00e8me de chasse des torpilles.<\/p>\n\n\n\n<figure class=\"wp-block-image\"><img decoding=\"async\" src=\"https:\/\/saga-de-marcel.com\/images\/Systeme%20ccompresseur.jpg\" alt=\"\"\/><\/figure>\n\n\n\n<p><strong>Petits films pour visualiser la navigation du U27 au 1\/32\u00e8me par temps calme<\/strong><\/p>\n\n\n\n<figure class=\"wp-block-table\"><table><tbody><tr><td><strong>Tir torpille dans le lac de Parentis<\/strong><\/td><\/tr><tr><td><\/td><\/tr><tr><td>https:\/\/www.youtube.com\/embed\/55DvjLH75ts?si=6SgdaCZvDp5c9rKE<\/td><\/tr><tr><td><\/td><\/tr><tr><td><strong>Tir torpille lac de parentis<\/strong><\/td><\/tr><tr><td><\/td><\/tr><tr><td>https:\/\/www.youtube.com\/embed\/65LY0zJ3D6E?si=e_mC0MOPqvaA6bFq&nbsp;<\/td><\/tr><tr><td><strong>Tir torpille dans le bassin \u00e0 Bayonne en 2008<\/strong><\/td><\/tr><tr><td><\/td><\/tr><tr><td>https:\/\/www.youtube.com\/embed\/9lgWyUIYQ58?si=aWFthqkfULgyYQEd&nbsp;<\/td><\/tr><tr><td><strong>Navigation dans le lagon \u00e0 Jonzac en 2009<\/strong><\/td><\/tr><tr><td><\/td><\/tr><tr><td>https:\/\/www.youtube.com\/embed\/5SuruTr0qzw?si=Dbmwx4pdoigsX_PN<\/td><\/tr><\/tbody><\/table><\/figure>\n","protected":false},"excerpt":{"rendered":"<p>En 1992 le virus me reprendsde plus belle et j&rsquo;entreprends la construction du m\u00eame U27 mais \u00e0 l&rsquo;\u00e9chelle 1\/32 \u00e8me et non au 1\/50 \u00e8me ce qui fait une b\u00eate impressionnante de 23 kgs et &hellip; <\/p>\n","protected":false},"author":1,"featured_media":0,"parent":0,"menu_order":0,"comment_status":"closed","ping_status":"closed","template":"","meta":{"om_disable_all_campaigns":false,"_monsterinsights_skip_tracking":false,"_monsterinsights_sitenote_active":false,"_monsterinsights_sitenote_note":"","_monsterinsights_sitenote_category":0,"footnotes":""},"aioseo_notices":[],"_links":{"self":[{"href":"https:\/\/new.saga-de-marcel.com\/index.php?rest_route=\/wp\/v2\/pages\/62"}],"collection":[{"href":"https:\/\/new.saga-de-marcel.com\/index.php?rest_route=\/wp\/v2\/pages"}],"about":[{"href":"https:\/\/new.saga-de-marcel.com\/index.php?rest_route=\/wp\/v2\/types\/page"}],"author":[{"embeddable":true,"href":"https:\/\/new.saga-de-marcel.com\/index.php?rest_route=\/wp\/v2\/users\/1"}],"replies":[{"embeddable":true,"href":"https:\/\/new.saga-de-marcel.com\/index.php?rest_route=%2Fwp%2Fv2%2Fcomments&post=62"}],"version-history":[{"count":6,"href":"https:\/\/new.saga-de-marcel.com\/index.php?rest_route=\/wp\/v2\/pages\/62\/revisions"}],"predecessor-version":[{"id":227,"href":"https:\/\/new.saga-de-marcel.com\/index.php?rest_route=\/wp\/v2\/pages\/62\/revisions\/227"}],"wp:attachment":[{"href":"https:\/\/new.saga-de-marcel.com\/index.php?rest_route=%2Fwp%2Fv2%2Fmedia&parent=62"}],"curies":[{"name":"wp","href":"https:\/\/api.w.org\/{rel}","templated":true}]}}