{"id":66,"date":"2023-12-24T11:45:32","date_gmt":"2023-12-24T10:45:32","guid":{"rendered":"https:\/\/new.saga-de-marcel.com\/?page_id=66"},"modified":"2023-12-25T11:02:45","modified_gmt":"2023-12-25T10:02:45","slug":"automatisation-dune-seringue","status":"publish","type":"page","link":"https:\/\/new.saga-de-marcel.com\/?page_id=66","title":{"rendered":"Automatisation d&rsquo;une seringue"},"content":{"rendered":"\n<p>\u00a0J&rsquo;ai dans la t\u00eate une future r\u00e9alisation qui demande un ballast assez petit.<\/p>\n\n\n\n<p>J&rsquo;ai donc opt\u00e9 pour un ballast \u00e0 partir d&rsquo;une seringue de 60 cm3.<\/p>\n\n\n\n<p><strong>Le mat\u00e9riel<\/strong><\/p>\n\n\n\n<figure class=\"wp-block-image\"><img decoding=\"async\" src=\"https:\/\/saga-de-marcel.com\/images\/les%20materiaux1.jpg\" alt=\"\"\/><\/figure>\n\n\n\n<p>&#8211;<strong>\u00a0Plaque en laiton de 1mm<\/strong><\/p>\n\n\n\n<p><strong>&#8211; Tige filet\u00e9e M6<\/strong><\/p>\n\n\n\n<p><strong>&#8211; Moto r\u00e9ducteur 104:1<\/strong><\/p>\n\n\n\n<p><strong>&#8211; Pignons de 20mm et 16 mm<\/strong><\/p>\n\n\n\n<p><strong>&#8211; Seringue de 60 cm3<\/strong><\/p>\n\n\n\n<p><strong>Croquis d&rsquo;ensemble<\/strong><\/p>\n\n\n\n<figure class=\"wp-block-image\"><img decoding=\"async\" src=\"https:\/\/saga-de-marcel.com\/images\/Croquis_densemble2.jpg\" alt=\"\"\/><\/figure>\n\n\n\n<p><strong>Dessin de d\u00e9tail des flasques<\/strong><\/p>\n\n\n\n<figure class=\"wp-block-image\"><img decoding=\"async\" src=\"https:\/\/saga-de-marcel.com\/images\/Detail_des_flasques.jpg\" alt=\"\"\/><\/figure>\n\n\n\n<p><strong>Tra\u00e7age des flasques<\/strong><\/p>\n\n\n\n<figure class=\"wp-block-image\"><img decoding=\"async\" src=\"https:\/\/saga-de-marcel.com\/images\/Tracage_des_flasques.jpg\" alt=\"\"\/><\/figure>\n\n\n\n<p><strong>Sciage des flasques<\/strong><\/p>\n\n\n\n<figure class=\"wp-block-image\"><img decoding=\"async\" src=\"https:\/\/saga-de-marcel.com\/images\/Sciage_des_flasques.jpg\" alt=\"\"\/><\/figure>\n\n\n\n<p><strong>&#8211;\u00a0\u00a0Apr\u00e8s avoir mis aux dimensions 60.5*45 par fraisage\u00a0<\/strong><\/p>\n\n\n\n<p><strong>Per\u00e7age de tous les trous<\/strong><\/p>\n\n\n\n<figure class=\"wp-block-image\"><img decoding=\"async\" src=\"https:\/\/saga-de-marcel.com\/images\/Percage_de_tous_les_trous.jpg\" alt=\"\"\/><\/figure>\n\n\n\n<p><strong>&#8211; Dessin et usinage du piston pour accueillir le joint<\/strong><\/p>\n\n\n\n<p><strong>Usinage du piston dans un jet de bronze<\/strong><\/p>\n\n\n\n<figure class=\"wp-block-image\"><img decoding=\"async\" src=\"https:\/\/saga-de-marcel.com\/images\/Finition_du_piston.jpg\" alt=\"\"\/><\/figure>\n\n\n\n<p><strong>Finition du piston<\/strong><\/p>\n\n\n\n<figure class=\"wp-block-image\"><img decoding=\"async\" src=\"https:\/\/saga-de-marcel.com\/images\/Usinage%20du%20piston.jpg\" alt=\"\"\/><\/figure>\n\n\n\n<p><strong>Le piston avec \u00e0 c\u00f4t\u00e9 son caoutchouc<\/strong><\/p>\n\n\n\n<figure class=\"wp-block-image\"><img decoding=\"async\" src=\"https:\/\/saga-de-marcel.com\/images\/Le_piston_avec_son_caoutchouc.jpg\" alt=\"\"\/><\/figure>\n\n\n\n<p><strong>Per\u00e7age et taraudage \u00e0 M6 du pignon entra\u00eeneur<\/strong><\/p>\n\n\n\n<figure class=\"wp-block-image\"><img decoding=\"async\" src=\"https:\/\/saga-de-marcel.com\/images\/Taraudage_du_pignon.jpg\" alt=\"\"\/><\/figure>\n\n\n\n<p><strong>Le ballast mont\u00e9\u00a0<\/strong><\/p>\n\n\n\n<figure class=\"wp-block-image\"><img decoding=\"async\" src=\"https:\/\/saga-de-marcel.com\/images\/Le_ballast_monte.jpg\" alt=\"\"\/><\/figure>\n\n\n\n<p><strong>Informations compl\u00e9mentaires:<\/strong><\/p>\n\n\n\n<p>&#8211; Pour tenir les flasques espac\u00e9es d&rsquo;environ 12mm<\/p>\n\n\n\n<p>4 entretoises tir\u00e9es dans du tube de 4mm (laiton)<\/p>\n\n\n\n<p>4 vis t\u00eate frais\u00e9e M3*20 avec \u00e9crou (laiton)\u00a0\u00a0\u00a0\u00a0\u00a0\u00a0\u00a0\u00a0\u00a0\u00a0<\/p>\n\n\n\n<p>&#8211; Pour fixer la seringue sur le flasque<\/p>\n\n\n\n<p>3 vis t\u00eate plate de M 2.5*6 avec \u00e9crou (inox)<\/p>\n\n\n\n<p>&#8211;\u00a0 Pour fixer le moteur<\/p>\n\n\n\n<p>4 vis t\u00eate frais\u00e9e M2*6 (inox)<\/p>\n\n\n\n<p>&#8211; Pour tenir le pignon moteur sur l&rsquo;arbre<\/p>\n\n\n\n<p>Vis pointeau de M3*5 (inox)<\/p>\n\n\n\n<p>&#8211; Pour tenir le pignon interm\u00e9diaire sur son axe en stub de 4mm<\/p>\n\n\n\n<p>Vis pointeau de M3*6<\/p>\n\n\n\n<p>&#8211; Pour que les trois pignons soient align\u00e9s deux entretoises de 1.6mm\u00a0 (laiton)<\/p>\n\n\n\n<p>J&rsquo;ai aussi fix\u00e9 par 4 vis t\u00eate plate M2*6 un guide en PVC pour la tige filet\u00e9e<\/p>\n\n\n\n<p>Guide en PVC de la tige filet\u00e9e<\/p>\n\n\n\n<figure class=\"wp-block-image\"><img decoding=\"async\" src=\"https:\/\/saga-de-marcel.com\/images\/guide%20en%20pvc%20noir.jpg\" alt=\"\"\/><\/figure>\n\n\n\n<p>Les essais, d\u00e9placement parfait, pas de fuites, mais trop lent,1mn 30 pour remplir, j&rsquo;ai donc command\u00e9 un moto r\u00e9ducteur de 62.1.<\/p>\n\n\n\n<p>Je suis sur que cela va marcher.<\/p>\n\n\n\n<p>Vid\u00e9o avec motor\u00e9ducteur de 104.1<\/p>\n\n\n\n<figure class=\"wp-block-table\"><table><tbody><tr><td><strong>https:\/\/www.youtube.com\/embed\/7RMyCuoUm2Y?si=9li_MP-K9lGE4H3I<\/strong><\/td><\/tr><\/tbody><\/table><\/figure>\n\n\n\n<p>On peut remarquer la lenteur du syst\u00e8me<\/p>\n\n\n\n<p>Vid\u00e9o avec motor\u00e9ducteur de 62.1<\/p>\n\n\n\n<figure class=\"wp-block-table\"><table><tbody><tr><td><strong>https:\/\/www.youtube.com\/embed\/ATDtJ258wq0?si=ujKG2Se6D8gYbrVv<\/strong><\/td><\/tr><\/tbody><\/table><\/figure>\n\n\n\n<p>Une minute pour remplir, je consid\u00e8re que c&rsquo;est bon<\/p>\n\n\n\n<p>Au d\u00e9but de la page je parle d&rsquo;une nouvelle r\u00e9alisation,\u00a0 devinez quoi ?<\/p>\n\n\n\n<p><strong>UNE TORTUE MARINE<\/strong><\/p>\n\n\n\n<p>La seringue automatis\u00e9e sera son ballast.<\/p>\n\n\n\n<p>L&rsquo;\u00e9tude et l&rsquo;avancement des travaux est relat\u00e9e sur une page nouvelle.<\/p>\n","protected":false},"excerpt":{"rendered":"<p>\u00a0J&rsquo;ai dans la t\u00eate une future r\u00e9alisation qui demande un ballast assez petit. J&rsquo;ai donc opt\u00e9 pour un ballast \u00e0 partir d&rsquo;une seringue de 60 cm3. Le mat\u00e9riel &#8211;\u00a0Plaque en laiton de 1mm &#8211; Tige &hellip; <\/p>\n","protected":false},"author":1,"featured_media":0,"parent":0,"menu_order":0,"comment_status":"closed","ping_status":"closed","template":"","meta":{"om_disable_all_campaigns":false,"_monsterinsights_skip_tracking":false,"_monsterinsights_sitenote_active":false,"_monsterinsights_sitenote_note":"","_monsterinsights_sitenote_category":0,"footnotes":""},"aioseo_notices":[],"_links":{"self":[{"href":"https:\/\/new.saga-de-marcel.com\/index.php?rest_route=\/wp\/v2\/pages\/66"}],"collection":[{"href":"https:\/\/new.saga-de-marcel.com\/index.php?rest_route=\/wp\/v2\/pages"}],"about":[{"href":"https:\/\/new.saga-de-marcel.com\/index.php?rest_route=\/wp\/v2\/types\/page"}],"author":[{"embeddable":true,"href":"https:\/\/new.saga-de-marcel.com\/index.php?rest_route=\/wp\/v2\/users\/1"}],"replies":[{"embeddable":true,"href":"https:\/\/new.saga-de-marcel.com\/index.php?rest_route=%2Fwp%2Fv2%2Fcomments&post=66"}],"version-history":[{"count":2,"href":"https:\/\/new.saga-de-marcel.com\/index.php?rest_route=\/wp\/v2\/pages\/66\/revisions"}],"predecessor-version":[{"id":158,"href":"https:\/\/new.saga-de-marcel.com\/index.php?rest_route=\/wp\/v2\/pages\/66\/revisions\/158"}],"wp:attachment":[{"href":"https:\/\/new.saga-de-marcel.com\/index.php?rest_route=%2Fwp%2Fv2%2Fmedia&parent=66"}],"curies":[{"name":"wp","href":"https:\/\/api.w.org\/{rel}","templated":true}]}}