{"id":67,"date":"2023-12-24T11:45:32","date_gmt":"2023-12-24T10:45:32","guid":{"rendered":"https:\/\/new.saga-de-marcel.com\/?page_id=67"},"modified":"2023-12-25T11:33:25","modified_gmt":"2023-12-25T10:33:25","slug":"tortue-marine","status":"publish","type":"page","link":"https:\/\/new.saga-de-marcel.com\/?page_id=67","title":{"rendered":"Tortue Marine"},"content":{"rendered":"\n<p>Voici donc mon nouveau projet et donc ma future r\u00e9alisation, apr\u00e8s les Requins les Orques, le Limure que l&rsquo;on voit dans diverses manifestations de Sous marins, vous verrez bient\u00f4t une tortue marine qui nagera comme les vraies.<\/p>\n\n\n\n<p>Pas d&rsquo;h\u00e9lice, pas de tuy\u00e8re, les pattes avant seulement feront fonctionner cette tortue, la patte gauche pour aller \u00e0 droite et inversement.<\/p>\n\n\n\n<p>Je vais m\u00eame essayer de la faire marcher sur le sable ou le sol tout simplement et aller \u00e0 l&rsquo;eau toute seule.<\/p>\n\n\n\n<p>Ce projet ne peut se faire en un jour, ni m\u00eame en un an, il faudra donc \u00eatre patient.<\/p>\n\n\n\n<ul>\n<li>Donc, propulsion, les deux pattes avant que j&rsquo;appellerai dor\u00e9navant\u00a0nageoires.<\/li>\n<\/ul>\n\n\n\n<p>&#8211; La plong\u00e9e, la seringue motoris\u00e9e trait\u00e9e dans la page pr\u00e9c\u00e9dente.<\/p>\n\n\n\n<p>&#8211; La carapace en stratifi\u00e9 .<\/p>\n\n\n\n<p>&#8211;\u00a0 Le dessous supportera toute la partie m\u00e9canique, les nageoires, la t\u00eate, <strong>les pattes arri\u00e8res.<\/strong><\/p>\n\n\n\n<p>C&rsquo;est encore un d\u00e9fi que je me lance, tout est \u00e0 \u00e9tudier, dessiner, r\u00e9aliser.<\/p>\n\n\n\n<p>J&rsquo;aime la m\u00e9canique et je crois que la , je vais \u00eatre servi.<\/p>\n\n\n\n<p><strong>Cogitation<\/strong><\/p>\n\n\n\n<figure class=\"wp-block-image\"><img decoding=\"async\" src=\"https:\/\/saga-de-marcel.com\/images\/cogitation.jpg\" alt=\"\"\/><\/figure>\n\n\n\n<p><strong>Cogitation encore<\/strong><\/p>\n\n\n\n<figure class=\"wp-block-image\"><img decoding=\"async\" src=\"https:\/\/saga-de-marcel.com\/images\/cogitation1.jpg\" alt=\"\"\/><\/figure>\n\n\n\n<p><strong>Cogitation toujours<\/strong><\/p>\n\n\n\n<figure class=\"wp-block-image\"><img decoding=\"async\" src=\"https:\/\/saga-de-marcel.com\/images\/cogitation3.jpg\" alt=\"\"\/><\/figure>\n\n\n\n<p><strong>Un premier projet<\/strong><\/p>\n\n\n\n<figure class=\"wp-block-image\"><img decoding=\"async\" src=\"https:\/\/saga-de-marcel.com\/images\/un%20premier%20projet.jpg\" alt=\"\"\/><\/figure>\n\n\n\n<p><strong>Projet retenu<\/strong><\/p>\n\n\n\n<figure class=\"wp-block-image\"><img decoding=\"async\" src=\"https:\/\/saga-de-marcel.com\/images\/Deuxieme%20projet.jpg\" alt=\"\"\/><\/figure>\n\n\n\n<p>Principe du fonctionnement, le moto r\u00e9ducteur entra\u00eene par l&rsquo;interm\u00e9diaire\u00a0d&rsquo;un engrenage (interm\u00e9diaire) l&rsquo;engrenage principal.<\/p>\n\n\n\n<p>L&rsquo;engrenage principal se d\u00e9place \u00e0 droite ou \u00e0 gauche par une fourchette actionn\u00e9e par un servo.<\/p>\n\n\n\n<p>Cet engrenage est travers\u00e9 par 4 tiges stub de diam\u00e8tre 3 mm emmanch\u00e9es en force dans le pignon.<\/p>\n\n\n\n<p>Ces tiges en stub entra\u00eenent les deux plateaux ,les deux nageoires fonctionnent en m\u00eame temps.<\/p>\n\n\n\n<p>Par l&rsquo;action de la fourchette (non repr\u00e9sent\u00e9e) je fais (par exemple) glisser l&rsquo;engrenage vers la gauche, les tiges se d\u00e9solidarisent du plateau de droite et seule la nageoire de gauche fonctionne et inversement.<\/p>\n\n\n\n<p>Je n&rsquo;ai pas repr\u00e9sent\u00e9 les articulations des nageoires, mais on peut imaginer qu&rsquo;il y aura des rotules, pour l&rsquo;instant je me consacre \u00e0 la transmission .<\/p>\n\n\n\n<p>Ma philosophie \u00e9tant connue ( c&rsquo;est \u00e0 dire tout montrer) vous serez tenus au courant au fur et \u00e0 mesure de l&rsquo;avancement de mon projet.<\/p>\n\n\n\n<p><strong>Avec moto r\u00e9ducteur<\/strong><\/p>\n\n\n\n<figure class=\"wp-block-image\"><img decoding=\"async\" src=\"https:\/\/saga-de-marcel.com\/images\/avec%20motoreducteur.jpg\" alt=\"\"\/><\/figure>\n\n\n\n<p><strong>Calcul des entr&rsquo;axes<\/strong><\/p>\n\n\n\n<figure class=\"wp-block-image\"><img decoding=\"async\" src=\"https:\/\/saga-de-marcel.com\/images\/calcul%20des%20entr'axes.jpg\" alt=\"\"\/><\/figure>\n\n\n\n<p><strong>Dessin des flasques<\/strong><\/p>\n\n\n\n<figure class=\"wp-block-image\"><img decoding=\"async\" src=\"https:\/\/saga-de-marcel.com\/images\/dessin%20des%20flasques.jpg\" alt=\"\"\/><\/figure>\n\n\n\n<p><strong>Prise des r\u00e9f\u00e9rences<\/strong><\/p>\n\n\n\n<figure class=\"wp-block-image\"><img decoding=\"async\" src=\"https:\/\/saga-de-marcel.com\/images\/tangenter%20sur%20la%20reference.jpg\" alt=\"\"\/><\/figure>\n\n\n\n<p><strong>Al\u00e9sage pour moto r\u00e9ducteur<\/strong><\/p>\n\n\n\n<figure class=\"wp-block-image\"><img decoding=\"async\" src=\"https:\/\/saga-de-marcel.com\/images\/alesage%20pour%20moteur.jpg\" alt=\"\"\/><\/figure>\n\n\n\n<p><strong>Flasques et moto r\u00e9ducteur\u00a0<\/strong><\/p>\n\n\n\n<figure class=\"wp-block-image\"><img decoding=\"async\" src=\"https:\/\/saga-de-marcel.com\/images\/flasques%20et%20moteur.jpg\" alt=\"\"\/><\/figure>\n\n\n\n<p>Maintenant il faut usiner les pi\u00e8ces m\u00e9caniques qui vont \u00e0 l&rsquo;int\u00e9rieur des flasques.<\/p>\n\n\n\n<p>Pour ceux qui ont du mal \u00e0 d\u00e9crypter un dessin cela va faciliter les choses, et puis, pour en rajouter une couche, cela montrera de fa\u00e7on d\u00e9finitive la diff\u00e9rence entre un KIT et mon mod\u00e9lisme.<\/p>\n\n\n\n<p><strong>Palier roulement<\/strong><\/p>\n\n\n\n<figure class=\"wp-block-image\"><img decoding=\"async\" src=\"https:\/\/saga-de-marcel.com\/images\/palier%20roulement.jpg\" alt=\"\"\/><\/figure>\n\n\n\n<p><strong>Axe porte roulement<\/strong><\/p>\n\n\n\n<figure class=\"wp-block-image\"><img decoding=\"async\" src=\"https:\/\/saga-de-marcel.com\/images\/axe%20porte%20roulement.jpg\" alt=\"\"\/><\/figure>\n\n\n\n<p><strong>Eclat\u00e9 de la transmission<\/strong><\/p>\n\n\n\n<figure class=\"wp-block-image\"><img decoding=\"async\" src=\"https:\/\/saga-de-marcel.com\/images\/eclate%20de%20la%20transmission.jpg\" alt=\"\"\/><\/figure>\n\n\n\n<p><strong>Transmission nageoire droite<\/strong><\/p>\n\n\n\n<figure class=\"wp-block-image\"><img decoding=\"async\" src=\"https:\/\/saga-de-marcel.com\/images\/transmission%20nageoire%20droite.jpg\" alt=\"\"\/><\/figure>\n\n\n\n<p><strong>Transmission des deux nageoires<\/strong><\/p>\n\n\n\n<figure class=\"wp-block-image\"><img decoding=\"async\" src=\"https:\/\/saga-de-marcel.com\/images\/transmission%20des%20deux%20nageoires.jpg\" alt=\"\"\/><\/figure>\n\n\n\n<p><strong>Transmission avec cardan et rotule<\/strong><\/p>\n\n\n\n<figure class=\"wp-block-image\"><img decoding=\"async\" src=\"https:\/\/saga-de-marcel.com\/images\/transmission%20avec%20cardan%20et%20rotule.jpg\" alt=\"\"\/><\/figure>\n\n\n\n<p><strong>Transmission mont\u00e9e<\/strong><\/p>\n\n\n\n<figure class=\"wp-block-image\"><img decoding=\"async\" src=\"https:\/\/saga-de-marcel.com\/images\/transmission%20montee.jpg\" alt=\"\"\/><\/figure>\n\n\n\n<p>Vous pouvez remarquer que la transmission n&rsquo;est pas termin\u00e9e, il manque les tiges en Stub de 3 ou 4 mm qui permettent d&#8217;embrayer \u00e0 droite ou \u00e0 gauche,\u00a0ainsi que la fixation des cardans sur le plateau.<\/p>\n\n\n\n<p>Je vais maintenant monter la transmission sur un panneau de contreplaqu\u00e9 bien rigide pour faire les r\u00e9glages,(positionnement des rotules etc&#8230;) et faire des essais.<\/p>\n\n\n\n<p><strong>Transmission finie<\/strong><\/p>\n\n\n\n<figure class=\"wp-block-image\"><img decoding=\"async\" src=\"https:\/\/saga-de-marcel.com\/images\/transmission%20finie.jpg\" alt=\"\"\/><\/figure>\n\n\n\n<p><strong>Autre position de la transmission<\/strong><\/p>\n\n\n\n<figure class=\"wp-block-image\"><img decoding=\"async\" src=\"https:\/\/saga-de-marcel.com\/images\/transmision%20finie2.jpg\" alt=\"\"\/><\/figure>\n\n\n\n<p>La transmission est maintenant termin\u00e9e, j&rsquo;ai une petite modif \u00e0 apporter, supprimer les tiges en stub de 3mm qui servent \u00e0 l&rsquo;entra\u00eenement et les remplacer par une seule de 4mm .( il est trop difficile d&#8217;embrayer \u00e0 droite ou \u00e0 gauche )<\/p>\n\n\n\n<p>Je vais maintenant attaquer le syst\u00e8me de pivotement des nageoires sur l&rsquo;axe en inox de 6 mm.\u00a0\u00a0\u00a0<\/p>\n\n\n\n<p>Ce syst\u00e8me a pour but de faire pivoter la nageoire autour de l&rsquo;axe de fa\u00e7on \u00e0 ce que\u00a0lorsque la nageoire avance elle soit presque \u00e0 plat, et que lorsque elle recule elle soit\u00a0en position de rame ( comme la rame d&rsquo;aviron).<\/p>\n\n\n\n<p>J&rsquo;ai dessin\u00e9 le syst\u00e8me, cela marche sur le papier, reste \u00e0 savoir si en r\u00e9alit\u00e9 cela marchera.<\/p>\n\n\n\n<p><strong>La plate forme d&rsquo;essai<\/strong><\/p>\n\n\n\n<figure class=\"wp-block-image\"><img decoding=\"async\" src=\"https:\/\/saga-de-marcel.com\/images\/plate%20forme.jpg\" alt=\"\"\/><\/figure>\n\n\n\n<figure class=\"wp-block-table\"><table><tbody><tr><td>&nbsp;&nbsp;&nbsp;&nbsp;&nbsp;&nbsp;&nbsp;&nbsp;&nbsp;&nbsp;&nbsp;&nbsp;&nbsp;&nbsp;&nbsp;&nbsp;&nbsp;&nbsp;&nbsp;&nbsp;&nbsp;&nbsp;&nbsp;&nbsp;&nbsp;&nbsp;<strong>Vid\u00e9o \u00e0 Jonzac en 2011<\/strong><\/td><\/tr><tr><td>https:\/\/www.youtube.com\/embed\/-wctP9cdQb4?si=UO_qrhsrnPrQnxLB<br><\/td><\/tr><\/tbody><\/table><\/figure>\n\n\n\n<figure class=\"wp-block-embed is-type-rich is-provider-prise-en-charge-des-contenus-embarqu-s wp-block-embed-prise-en-charge-des-contenus-embarqu-s\"><div class=\"wp-block-embed__wrapper\">\nhttps:\/\/youtube.com\/watch?v=-wctP9cdQb4%3Fsi%3DUO_qrhsrnPrQnxLB\n<\/div><\/figure>\n","protected":false},"excerpt":{"rendered":"<p>Voici donc mon nouveau projet et donc ma future r\u00e9alisation, apr\u00e8s les Requins les Orques, le Limure que l&rsquo;on voit dans diverses manifestations de Sous marins, vous verrez bient\u00f4t une tortue marine qui nagera comme &hellip; <\/p>\n","protected":false},"author":1,"featured_media":0,"parent":0,"menu_order":0,"comment_status":"closed","ping_status":"closed","template":"","meta":{"om_disable_all_campaigns":false,"_monsterinsights_skip_tracking":false,"_monsterinsights_sitenote_active":false,"_monsterinsights_sitenote_note":"","_monsterinsights_sitenote_category":0,"footnotes":""},"aioseo_notices":[],"_links":{"self":[{"href":"https:\/\/new.saga-de-marcel.com\/index.php?rest_route=\/wp\/v2\/pages\/67"}],"collection":[{"href":"https:\/\/new.saga-de-marcel.com\/index.php?rest_route=\/wp\/v2\/pages"}],"about":[{"href":"https:\/\/new.saga-de-marcel.com\/index.php?rest_route=\/wp\/v2\/types\/page"}],"author":[{"embeddable":true,"href":"https:\/\/new.saga-de-marcel.com\/index.php?rest_route=\/wp\/v2\/users\/1"}],"replies":[{"embeddable":true,"href":"https:\/\/new.saga-de-marcel.com\/index.php?rest_route=%2Fwp%2Fv2%2Fcomments&post=67"}],"version-history":[{"count":3,"href":"https:\/\/new.saga-de-marcel.com\/index.php?rest_route=\/wp\/v2\/pages\/67\/revisions"}],"predecessor-version":[{"id":206,"href":"https:\/\/new.saga-de-marcel.com\/index.php?rest_route=\/wp\/v2\/pages\/67\/revisions\/206"}],"wp:attachment":[{"href":"https:\/\/new.saga-de-marcel.com\/index.php?rest_route=%2Fwp%2Fv2%2Fmedia&parent=67"}],"curies":[{"name":"wp","href":"https:\/\/api.w.org\/{rel}","templated":true}]}}