{"id":72,"date":"2023-12-24T11:45:32","date_gmt":"2023-12-24T10:45:32","guid":{"rendered":"https:\/\/new.saga-de-marcel.com\/?page_id=72"},"modified":"2023-12-25T11:42:39","modified_gmt":"2023-12-25T10:42:39","slug":"les-torpilles-au-1-32eme-du-u27","status":"publish","type":"page","link":"https:\/\/new.saga-de-marcel.com\/?page_id=72","title":{"rendered":"Les torpilles au 1\/32\u00e8me du U27"},"content":{"rendered":"\n<p style=\"font-style:normal;font-weight:700\">Principes de fonctionnement<\/p>\n\n\n\n<p>Cahier des charges que je m&rsquo;\u00e9tais impos\u00e9<\/p>\n\n\n\n<ul>\n<li>En stratifi\u00e9<\/li>\n\n\n\n<li>\u00c9lectrique<\/li>\n\n\n\n<li>Chasse \u00e0 l&rsquo;air comprim\u00e9<\/li>\n\n\n\n<li>Mise en route automatique<\/li>\n\n\n\n<li>Dur\u00e9e de fonctionnement 10 s<\/li>\n<\/ul>\n\n\n\n<p>La torpille a fait l&rsquo;objet d&rsquo;un article avec photos&nbsp; paru sur Le&nbsp;<a href=\"https:\/\/www.saga-de-marcel.com\/pages\/23_mrb470.htm\">MRB N\u00b0 470 de Janvier 2003<\/a>&nbsp;&nbsp;&nbsp;&nbsp;&nbsp;&nbsp;&nbsp;&nbsp;&nbsp;&nbsp;&nbsp;&nbsp;&nbsp;&nbsp;&nbsp;&nbsp;&nbsp;&nbsp;&nbsp;&nbsp;<\/p>\n\n\n\n<p>En exposition \u00e0 Bayonne<\/p>\n\n\n\n<figure class=\"wp-block-image\"><img decoding=\"async\" src=\"https:\/\/www.saga-de-marcel.com\/images\/En%20expo%20a%20Bayonne.%20JPG.jpg\" alt=\"\"\/><\/figure>\n\n\n\n<p>Dans les tubes 1 et 2<\/p>\n\n\n\n<figure class=\"wp-block-image\"><img decoding=\"async\" src=\"https:\/\/www.saga-de-marcel.com\/images\/Dans%20les%20tubes.JPG\" alt=\"\"\/><\/figure>\n\n\n\n<p>Les tubes<\/p>\n\n\n\n<p>D\u00e9j\u00e0 \u00e0 la fabrication de la coque j&rsquo;avais pens\u00e9 aux torpilles, donc les tubes \u00e9taient en place d\u00e8s 1992<\/p>\n\n\n\n<p>&nbsp; Ils sont en stratifi\u00e9 de diam\u00e8tre int\u00e9rieur 17mm et de environ 240mm de longueur.<\/p>\n\n\n\n<ul>\n<li>Tourner 4 morceaux de bois au&nbsp; diam\u00e8tre 17 mm sur environ 300 mm<\/li>\n\n\n\n<li>Cirer \u00e0 la cire de d\u00e9moulage ,lustrer.<\/li>\n\n\n\n<li>Enrober de plusieurs couches de mat de verre&nbsp; de roving fin et de r\u00e9sine<\/li>\n\n\n\n<li>Apr\u00e8s 24 h reprendre&nbsp; les mandrins sur le tour et usiner l&rsquo;ext\u00e9rieur des tubes si l&rsquo;on veut qu&rsquo;ils soient parfaits.<\/li>\n\n\n\n<li>D\u00e9mouler en tenant \u00e0 deux mains le tube en tournant le tube en stratifi\u00e9 c&rsquo;est assez dur. &nbsp;&nbsp;&nbsp;&nbsp;&nbsp;&nbsp;&nbsp;&nbsp;&nbsp;&nbsp;&nbsp;&nbsp;&nbsp;&nbsp;&nbsp;&nbsp;&nbsp;&nbsp;&nbsp;&nbsp;&nbsp;&nbsp;&nbsp;&nbsp;&nbsp;&nbsp;&nbsp;<\/li>\n\n\n\n<li>Fixer les tubes dans la coque au bon endroit par de la fibre de verre et de la r\u00e9sine.<\/li>\n<\/ul>\n\n\n\n<p>Dessin \u00e0 main lev\u00e9e des tubes dans le ballast AV<\/p>\n\n\n\n<figure class=\"wp-block-image\"><img decoding=\"async\" src=\"https:\/\/www.saga-de-marcel.com\/images\/Plan%20Dessin%20a%20main%20levee%20des%20tubes.JPG\" alt=\"\"\/><\/figure>\n\n\n\n<p>Principe du tir<\/p>\n\n\n\n<ul>\n<li>La torpille est engag\u00e9e dans le tube<\/li>\n\n\n\n<li>Chasse \u00e0 l&rsquo;air comprim\u00e9 de la r\u00e9serve (photo torpille sortant du tube)<\/li>\n\n\n\n<li>Mise en route au passage d&rsquo;un relais ILS devant un aimant coll\u00e9 sur le tube au bon endroit<\/li>\n\n\n\n<li>Arr\u00eat de la torpille par une temporisation interne environ 10 secondes<\/li>\n<\/ul>\n\n\n\n<p>Caract\u00e9ristiques de la torpille<\/p>\n\n\n\n<ul>\n<li>Mod\u00e8le : G7e&nbsp;<\/li>\n\n\n\n<li>Diam\u00e8tre:Diam\u00e8tre:16,7mm<\/li>\n<\/ul>\n\n\n\n<p>Tir torpille sous l&rsquo;eau&nbsp;<\/p>\n\n\n\n<figure class=\"wp-block-image\"><img decoding=\"async\" src=\"https:\/\/www.saga-de-marcel.com\/images\/tir%20torpille.jpg\" alt=\"\"\/><\/figure>\n\n\n\n<ul>\n<li>Longueur : 215mm&nbsp;<\/li>\n\n\n\n<li>Poids environ 30 gr<\/li>\n\n\n\n<li>Mati\u00e8re: stratifi\u00e9<\/li>\n\n\n\n<li>Propulsion: \u00e9lectrique<\/li>\n\n\n\n<li>Ejection: air comprim\u00e9<\/li>\n<\/ul>\n\n\n\n<p>Fabrication de la torpille<\/p>\n\n\n\n<p>&nbsp;&#8211; Usinage de mandrins en bois au diam\u00e8tre int\u00e9rieur de la torpille soit 15,7mm (photo)<\/p>\n\n\n\n<p>Usinage du mandrin<\/p>\n\n\n\n<figure class=\"wp-block-image\"><img decoding=\"async\" src=\"https:\/\/www.saga-de-marcel.com\/images\/usinage%20du%20mandrin.JPG\" alt=\"\"\/><\/figure>\n\n\n\n<ul>\n<li>Cirage et lustrage des mandrins<\/li>\n\n\n\n<li>Enrobage de fibre de verre et de r\u00e9sine<\/li>\n\n\n\n<li>Reprise entre pince et pointe sur le tour et usinage ext\u00e9rieur aux dimensions ext\u00e9rieures de la torpille soit 16,7 mm.<\/li>\n<\/ul>\n\n\n\n<p>Apr\u00e8s la reprise sur le tour&nbsp;&nbsp;&nbsp;&nbsp;<\/p>\n\n\n\n<figure class=\"wp-block-image\"><img decoding=\"async\" src=\"https:\/\/www.saga-de-marcel.com\/images\/Apres%20la%20reprise%20sur%20le%20tour.JPG\" alt=\"\"\/><\/figure>\n\n\n\n<p>La torpille est en 3 parties<\/p>\n\n\n\n<ul>\n<li>Partie centrale (batteries,platine \u00e9lectronique,moteur)<\/li>\n\n\n\n<li>Partie arri\u00e8re (arbre,d\u00e9rives,h\u00e9lice +lest)<\/li>\n\n\n\n<li>Partie avant( fils de mise sous tension et de charge)<\/li>\n<\/ul>\n\n\n\n<p>Les trois parties sont assembl\u00e9es par manchons<\/p>\n\n\n\n<p>Platine torpille recto-verso<\/p>\n\n\n\n<figure class=\"wp-block-image\"><img decoding=\"async\" src=\"https:\/\/www.saga-de-marcel.com\/images\/PLatine%20toepille.JPG\" alt=\"\"\/><\/figure>\n\n\n\n<p>Mandrins et torpille finie<\/p>\n\n\n\n<figure class=\"wp-block-image\"><img decoding=\"async\" src=\"https:\/\/www.saga-de-marcel.com\/images\/Mandrins%20et%20torpille.JPG\" alt=\"\"\/><\/figure>\n\n\n\n<p>Nota: Au moment ou j&rsquo;\u00e9cris ces lignes la torpille nouvelle va sortir inspir\u00e9e pour la partie m\u00e9canique de la torpille de Guy, avec deux h\u00e9lices contrarotatives et coque en deux parties.<\/p>\n\n\n\n<figure class=\"wp-block-table\"><table><tbody><tr><td><img loading=\"lazy\" decoding=\"async\" src=\"https:\/\/www.saga-de-marcel.com\/images\/Les%20modeles%20enrobes%20de%20fibre.jpg\" width=\"320\" height=\"240\">Les mod\u00e8les enrob\u00e9s<\/td><td><img loading=\"lazy\" decoding=\"async\" src=\"https:\/\/www.saga-de-marcel.com\/images\/les%20modeles%20et%20coques.JPG\" width=\"320\" height=\"214\">Les mod\u00e8les et les coques<\/td><\/tr><\/tbody><\/table><\/figure>\n","protected":false},"excerpt":{"rendered":"<p>Principes de fonctionnement Cahier des charges que je m&rsquo;\u00e9tais impos\u00e9 La torpille a fait l&rsquo;objet d&rsquo;un article avec photos&nbsp; paru sur Le&nbsp;MRB N\u00b0 470 de Janvier 2003&nbsp;&nbsp;&nbsp;&nbsp;&nbsp;&nbsp;&nbsp;&nbsp;&nbsp;&nbsp;&nbsp;&nbsp;&nbsp;&nbsp;&nbsp;&nbsp;&nbsp;&nbsp;&nbsp;&nbsp; En exposition \u00e0 Bayonne Dans les tubes 1 &hellip; <\/p>\n","protected":false},"author":1,"featured_media":0,"parent":0,"menu_order":0,"comment_status":"closed","ping_status":"closed","template":"","meta":{"om_disable_all_campaigns":false,"_monsterinsights_skip_tracking":false,"_monsterinsights_sitenote_active":false,"_monsterinsights_sitenote_note":"","_monsterinsights_sitenote_category":0,"footnotes":""},"aioseo_notices":[],"_links":{"self":[{"href":"https:\/\/new.saga-de-marcel.com\/index.php?rest_route=\/wp\/v2\/pages\/72"}],"collection":[{"href":"https:\/\/new.saga-de-marcel.com\/index.php?rest_route=\/wp\/v2\/pages"}],"about":[{"href":"https:\/\/new.saga-de-marcel.com\/index.php?rest_route=\/wp\/v2\/types\/page"}],"author":[{"embeddable":true,"href":"https:\/\/new.saga-de-marcel.com\/index.php?rest_route=\/wp\/v2\/users\/1"}],"replies":[{"embeddable":true,"href":"https:\/\/new.saga-de-marcel.com\/index.php?rest_route=%2Fwp%2Fv2%2Fcomments&post=72"}],"version-history":[{"count":2,"href":"https:\/\/new.saga-de-marcel.com\/index.php?rest_route=\/wp\/v2\/pages\/72\/revisions"}],"predecessor-version":[{"id":216,"href":"https:\/\/new.saga-de-marcel.com\/index.php?rest_route=\/wp\/v2\/pages\/72\/revisions\/216"}],"wp:attachment":[{"href":"https:\/\/new.saga-de-marcel.com\/index.php?rest_route=%2Fwp%2Fv2%2Fmedia&parent=72"}],"curies":[{"name":"wp","href":"https:\/\/api.w.org\/{rel}","templated":true}]}}