{"id":74,"date":"2023-12-24T11:45:32","date_gmt":"2023-12-24T10:45:32","guid":{"rendered":"https:\/\/new.saga-de-marcel.com\/?page_id=74"},"modified":"2023-12-25T16:09:13","modified_gmt":"2023-12-25T15:09:13","slug":"les-rencontres-sanguinet-2007","status":"publish","type":"page","link":"https:\/\/new.saga-de-marcel.com\/?page_id=74","title":{"rendered":"Les rencontres Sanguinet 2007"},"content":{"rendered":"\n<p>Tr\u00e8s belle journ\u00e9e<\/p>\n\n\n\n<p>&#8211; Retrouvailles des sous mariniers du Sud-Ouest sur la place<\/p>\n\n\n\n<p>&#8211; Cette ann\u00e9e nouveau bapt\u00e8me \u00e0 l&rsquo;eau de mer bien sur ( Dudule )<\/p>\n\n\n\n<p>&#8211; Distribution des maillots avec sigle s&rsquo;il vous plait&nbsp; ( voir photos )<\/p>\n\n\n\n<p>&#8211; Repas tr\u00e8s convivial ou tout le monde partage avec tout le monde<\/p>\n\n\n\n<p>&#8211; Navigation pour les hommes et baignade pour les dames<\/p>\n\n\n\n<p>Avant le bapt\u00e8me<\/p>\n\n\n\n<figure class=\"wp-block-image is-resized\"><img decoding=\"async\" src=\"https:\/\/saga-de-marcel.com\/images\/avant%20le%20bapteme.jpg\" alt=\"\" style=\"width:840px;height:auto\"\/><\/figure>\n\n\n\n<p>Cul sec<\/p>\n\n\n\n<figure class=\"wp-block-image is-resized\"><img decoding=\"async\" src=\"https:\/\/saga-de-marcel.com\/images\/P1040223.jpg\" alt=\"\" style=\"width:840px;height:auto\"\/><\/figure>\n\n\n\n<p>Le nouveau dipl\u00f4m\u00e9 \u00ab\u00a0dudule\u00a0\u00bb<\/p>\n\n\n\n<figure class=\"wp-block-image is-resized\"><img decoding=\"async\" src=\"https:\/\/saga-de-marcel.com\/images\/P1040243%20(2).jpg\" alt=\"\" style=\"width:840px;height:auto\"\/><\/figure>\n\n\n\n<p>Les cadeaux des dix ans<\/p>\n\n\n\n<figure class=\"wp-block-image is-resized\"><img decoding=\"async\" src=\"https:\/\/saga-de-marcel.com\/images\/P1040246%20(2).jpg\" alt=\"\" style=\"width:840px;height:auto\"\/><\/figure>\n\n\n\n<figure class=\"wp-block-image is-resized\"><img decoding=\"async\" src=\"https:\/\/saga-de-marcel.com\/images\/P1040250%20(2).jpg\" alt=\"\" style=\"width:840px;height:auto\"\/><\/figure>\n\n\n\n<p>Vue des tables<\/p>\n\n\n\n<figure class=\"wp-block-image is-resized\"><img decoding=\"async\" src=\"https:\/\/saga-de-marcel.com\/images\/P1040263%20(2).jpg\" alt=\"\" style=\"width:840px;height:auto\"\/><\/figure>\n\n\n\n<p><strong>Aux grands enfants<\/strong><\/p>\n\n\n\n<figure class=\"wp-block-image is-resized\"><img decoding=\"async\" src=\"https:\/\/saga-de-marcel.com\/images\/P1040269%20(2).jpg\" alt=\"\" style=\"width:840px;height:auto\"\/><\/figure>\n\n\n\n<p>Le groupe des S.M.D.S.O&nbsp; et ses maillots de face et de dos<\/p>\n\n\n\n<figure class=\"wp-block-image is-resized\"><img decoding=\"async\" src=\"https:\/\/saga-de-marcel.com\/images\/Le%20groupe%20et%20les%20maillots.jpg\" alt=\"\" style=\"width:840px;height:auto\"\/><\/figure>\n\n\n\n<figure class=\"wp-block-image is-resized\"><img decoding=\"async\" src=\"https:\/\/saga-de-marcel.com\/images\/le%20groupe%20de%20dos.jpg\" alt=\"\" style=\"width:840px;height:auto\"\/><\/figure>\n\n\n\n<p>La belle h\u00e9lice de Jacques&nbsp;&nbsp;&nbsp;&nbsp;&nbsp;&nbsp;&nbsp;&nbsp;&nbsp;&nbsp;&nbsp;&nbsp;&nbsp;&nbsp;<\/p>\n\n\n\n<figure class=\"wp-block-image is-resized\"><img decoding=\"async\" src=\"https:\/\/saga-de-marcel.com\/images\/Superbe%20helice.jpg\" alt=\"\" style=\"width:840px;height:auto\"\/><\/figure>\n\n\n\n<p>Massif du S M d&rsquo;Alain Lejeune<\/p>\n\n\n\n<figure class=\"wp-block-image is-resized\"><img decoding=\"async\" src=\"https:\/\/saga-de-marcel.com\/images\/Superbe%20kiosque.jpg\" alt=\"\" style=\"width:840px;height:auto\"\/><\/figure>\n\n\n\n<p>Le G\u00e9mini d&rsquo;Alain&nbsp; dit \u00ab\u00a0La chasse\u00a0\u00bb<\/p>\n\n\n\n<figure class=\"wp-block-image is-resized\"><img decoding=\"async\" src=\"https:\/\/saga-de-marcel.com\/images\/beau%20jaune.jpg\" alt=\"\" style=\"width:840px;height:auto\"\/><\/figure>\n\n\n\n<figure class=\"wp-block-image is-resized\"><img decoding=\"async\" src=\"https:\/\/saga-de-marcel.com\/images\/il%20y%20a%20un%20pilote.jpg\" alt=\"\" style=\"width:840px;height:auto\"\/><\/figure>\n\n\n\n<p>Massif du type 7 de Claude<\/p>\n\n\n\n<p>Massif du type 7 d&rsquo;Alain Lejeune dit \u00a0\u00bb Grand chef\u00a0\u00bb&nbsp;&nbsp;&nbsp;&nbsp;&nbsp;&nbsp;&nbsp;&nbsp;&nbsp;&nbsp;&nbsp;&nbsp;&nbsp;&nbsp;&nbsp;&nbsp;&nbsp;&nbsp;&nbsp;&nbsp;&nbsp;&nbsp;&nbsp;&nbsp;&nbsp;&nbsp;&nbsp;&nbsp;&nbsp;&nbsp;&nbsp;&nbsp;&nbsp;&nbsp;&nbsp;&nbsp;&nbsp;&nbsp;&nbsp;&nbsp;&nbsp;&nbsp;&nbsp;&nbsp;<\/p>\n\n\n\n<figure class=\"wp-block-image is-resized\"><img decoding=\"async\" src=\"https:\/\/saga-de-marcel.com\/images\/kiosque%20du%20sm%20de%20claude.jpg\" alt=\"\" style=\"width:840px;height:auto\"\/><\/figure>\n\n\n\n<figure class=\"wp-block-image is-resized\"><img decoding=\"async\" src=\"https:\/\/saga-de-marcel.com\/images\/il%20y%20est%20presque.jpg\" alt=\"\" style=\"width:840px;height:auto\"\/><\/figure>\n\n\n\n<p>Sous marins de Claude &nbsp;&nbsp;&nbsp;&nbsp;&nbsp;&nbsp;&nbsp;&nbsp;&nbsp;&nbsp;&nbsp;&nbsp;&nbsp;&nbsp;&nbsp;&nbsp;&nbsp;&nbsp;&nbsp;&nbsp;&nbsp;&nbsp;&nbsp;&nbsp;<\/p>\n\n\n\n<figure class=\"wp-block-image is-resized\"><img decoding=\"async\" src=\"https:\/\/saga-de-marcel.com\/images\/kiosque%20sm%20de%20claude1.jpg\" alt=\"\" style=\"width:840px;height:auto\"\/><\/figure>\n\n\n\n<figure class=\"wp-block-image is-resized\"><img decoding=\"async\" src=\"https:\/\/saga-de-marcel.com\/images\/s%20marin%20claude2.jpg\" alt=\"\" style=\"width:840px;height:auto\"\/><\/figure>\n\n\n\n<p>Sous marin de Claude<\/p>\n\n\n\n<figure class=\"wp-block-image is-resized\"><img decoding=\"async\" src=\"https:\/\/saga-de-marcel.com\/images\/s%20marin%20claude3.jpg\" alt=\"\" style=\"width:840px;height:auto\"\/><\/figure>\n\n\n\n<figure class=\"wp-block-image is-resized\"><img decoding=\"async\" src=\"https:\/\/saga-de-marcel.com\/images\/s%20marin%20claude4.jpg\" alt=\"\" style=\"width:840px;height:auto\"\/><\/figure>\n\n\n\n<p>Le type 7A U27 de Marcel dit \u00ab\u00a0bricole\u00a0\u00bb 1 m\u00e8tre 87 cm 23 kilos<\/p>\n\n\n\n<figure class=\"wp-block-image is-resized\"><img decoding=\"async\" src=\"https:\/\/saga-de-marcel.com\/images\/s%20marin%20marcel.jpg\" alt=\"\" style=\"width:840px;height:auto\"\/><\/figure>\n\n\n\n<figure class=\"wp-block-image is-resized\"><img decoding=\"async\" src=\"https:\/\/saga-de-marcel.com\/images\/s%20marin%20marcel2.jpg\" alt=\"\" style=\"width:840px;height:auto\"\/><\/figure>\n\n\n\n<p>U 27 de Marcel<\/p>\n\n\n\n<p>L&rsquo;Inflexible&nbsp; je crois de Claude&nbsp;&nbsp;&nbsp;<\/p>\n\n\n\n<figure class=\"wp-block-image is-resized\"><img decoding=\"async\" src=\"https:\/\/saga-de-marcel.com\/images\/s%20marin%20marcel3.jpg\" alt=\"\" style=\"width:840px;height:auto\"\/><\/figure>\n\n\n\n<figure class=\"wp-block-image is-resized\"><img decoding=\"async\" src=\"https:\/\/saga-de-marcel.com\/images\/s%20marin%20claude2.jpg\" alt=\"\" style=\"width:840px;height:auto\"\/><\/figure>\n\n\n\n<p>L&rsquo;Inflexible de Claude<\/p>\n\n\n\n<figure class=\"wp-block-image is-resized\"><img decoding=\"async\" src=\"https:\/\/saga-de-marcel.com\/images\/s%20marin%20claude3.jpg\" alt=\"\" style=\"width:840px;height:auto\"\/><\/figure>\n\n\n\n<figure class=\"wp-block-image is-resized\"><img decoding=\"async\" src=\"https:\/\/saga-de-marcel.com\/images\/s%20marin%20claude4.jpg\" alt=\"\" style=\"width:840px;height:auto\"\/><\/figure>\n\n\n\n<p>Le requin \u00ab\u00a0jojo\u00a0\u00bb de Guy&nbsp; \u00ab\u00a0dit Goldfinger\u00a0\u00bb toujours impressionnant<\/p>\n\n\n\n<figure class=\"wp-block-image is-resized\"><img decoding=\"async\" src=\"https:\/\/saga-de-marcel.com\/images\/jojo.jpg\" alt=\"\" style=\"width:840px;height:auto\"\/><\/figure>\n\n\n\n<figure class=\"wp-block-image is-resized\"><img decoding=\"async\" src=\"https:\/\/saga-de-marcel.com\/images\/jojo1.jpg\" alt=\"\" style=\"width:840px;height:auto\"\/><\/figure>\n\n\n\n<p>Type 7 de Michael dit \u00ab\u00a0petit diable\u00a0\u00bb ou de Jacques dit \u00ab\u00a0farfouille\u00a0\u00bb il y avait les deux<\/p>\n\n\n\n<figure class=\"wp-block-image is-resized\"><img decoding=\"async\" src=\"https:\/\/saga-de-marcel.com\/images\/u27michael.jpg\" alt=\"\" style=\"width:840px;height:auto\"\/><\/figure>\n\n\n\n<figure class=\"wp-block-image is-resized\"><img decoding=\"async\" src=\"https:\/\/saga-de-marcel.com\/images\/michael2.jpg\" alt=\"\" style=\"width:840px;height:auto\"\/><\/figure>\n\n\n\n<p>Type 7 de Michael ou de \u00ab\u00a0farfouille\u00a0\u00bb<\/p>\n\n\n\n<figure class=\"wp-block-image is-resized\"><img decoding=\"async\" src=\"https:\/\/saga-de-marcel.com\/images\/michael3.jpg\" alt=\"\" style=\"width:840px;height:auto\"\/><\/figure>\n\n\n\n<figure class=\"wp-block-image is-resized\"><img decoding=\"async\" src=\"https:\/\/saga-de-marcel.com\/images\/michael4.jpg\" alt=\"\" style=\"width:840px;height:auto\"\/><\/figure>\n\n\n\n<p>Le G\u00e9mini de Alain<\/p>\n\n\n\n<p>Type 7 de Philippe\u00a0 dit \u00ab\u00a0petit f\u00fbt\u00a0\u00bb<\/p>\n\n\n\n<figure class=\"wp-block-image is-resized\"><img decoding=\"async\" src=\"https:\/\/saga-de-marcel.com\/images\/jaune%20en%20plongee.jpg\" alt=\"\" style=\"width:840px;height:auto\"\/><\/figure>\n\n\n\n<figure class=\"wp-block-image is-resized\"><img decoding=\"async\" src=\"https:\/\/saga-de-marcel.com\/images\/u47.jpg\" alt=\"\" style=\"width:840px;height:auto\"\/><\/figure>\n\n\n\n<p>Types 7&nbsp; de Philippe et de jean Paul&nbsp;<\/p>\n\n\n\n<figure class=\"wp-block-image is-resized\"><img decoding=\"async\" src=\"https:\/\/saga-de-marcel.com\/images\/deuxu47.jpg\" alt=\"\" style=\"width:840px;height:auto\"\/><\/figure>\n\n\n\n<figure class=\"wp-block-image is-resized\"><img decoding=\"async\" src=\"https:\/\/saga-de-marcel.com\/images\/type7.jpg\" alt=\"\" style=\"width:840px;height:auto\"\/><\/figure>\n\n\n\n<p>Protection d&rsquo;h\u00e9lice de l&rsquo;Inflexible&nbsp; de Claude<\/p>\n\n\n\n<figure class=\"wp-block-image is-resized\"><img decoding=\"async\" src=\"https:\/\/saga-de-marcel.com\/images\/protection%20helice.jpg\" alt=\"\" style=\"width:840px;height:auto\"\/><\/figure>\n\n\n\n<figure class=\"wp-block-image is-resized\"><img decoding=\"async\" src=\"https:\/\/saga-de-marcel.com\/images\/protection%20helice.1jpg.jpg\" alt=\"\" style=\"width:840px;height:auto\"\/><\/figure>\n\n\n\n<p>Marie Jeanne<\/p>\n\n\n\n<figure class=\"wp-block-image is-resized\"><img decoding=\"async\" src=\"https:\/\/saga-de-marcel.com\/images\/la%20baigneuse.jpg\" alt=\"\" style=\"width:840px;height:auto\"\/><\/figure>\n\n\n\n<p>Vincent\u00a0 dit \u00ab\u00a0Prof Nimbus\u00a0\u00bb<\/p>\n\n\n\n<figure class=\"wp-block-image is-resized\"><img decoding=\"async\" src=\"https:\/\/saga-de-marcel.com\/images\/vincent.jpg\" alt=\"\" style=\"width:840px;height:auto\"\/><\/figure>\n\n\n\n<p>Didier\u00a0 dit \u00ab\u00a0Yellow\u00a0\u00bb et Vincent\u00a0\u00a0<\/p>\n\n\n\n<figure class=\"wp-block-image is-resized\"><img decoding=\"async\" src=\"https:\/\/saga-de-marcel.com\/images\/echange%20de%20vues.jpg\" alt=\"\" style=\"width:840px;height:auto\"\/><\/figure>\n\n\n\n<p>Cela devrait marcher dit Guy<\/p>\n\n\n\n<figure class=\"wp-block-image is-resized\"><img decoding=\"async\" src=\"https:\/\/saga-de-marcel.com\/images\/cela%20marchera%20peut%20etre.jpg\" alt=\"\" style=\"width:840px;height:auto\"\/><\/figure>\n\n\n\n<p>Tu vois Vincent, cela marche.<\/p>\n\n\n\n<figure class=\"wp-block-image is-resized\"><img decoding=\"async\" src=\"https:\/\/saga-de-marcel.com\/images\/ca%20marche.jpg\" alt=\"\" style=\"width:840px;height:auto\"\/><\/figure>\n\n\n\n<p>C&rsquo;est tout pour aujourd&rsquo;hui<\/p>\n\n\n\n<p>Marcel dit \u00ab\u00a0Bricole\u00a0\u00bb<\/p>\n\n\n\n<p><strong>Chacun y retrouvera le sien ou la sienne<\/strong><\/p>\n","protected":false},"excerpt":{"rendered":"<p>Tr\u00e8s belle journ\u00e9e &#8211; Retrouvailles des sous mariniers du Sud-Ouest sur la place &#8211; Cette ann\u00e9e nouveau bapt\u00e8me \u00e0 l&rsquo;eau de mer bien sur ( Dudule ) &#8211; Distribution des maillots avec sigle s&rsquo;il vous &hellip; <\/p>\n","protected":false},"author":1,"featured_media":0,"parent":0,"menu_order":0,"comment_status":"closed","ping_status":"closed","template":"","meta":{"om_disable_all_campaigns":false,"_monsterinsights_skip_tracking":false,"_monsterinsights_sitenote_active":false,"_monsterinsights_sitenote_note":"","_monsterinsights_sitenote_category":0,"footnotes":""},"aioseo_notices":[],"_links":{"self":[{"href":"https:\/\/new.saga-de-marcel.com\/index.php?rest_route=\/wp\/v2\/pages\/74"}],"collection":[{"href":"https:\/\/new.saga-de-marcel.com\/index.php?rest_route=\/wp\/v2\/pages"}],"about":[{"href":"https:\/\/new.saga-de-marcel.com\/index.php?rest_route=\/wp\/v2\/types\/page"}],"author":[{"embeddable":true,"href":"https:\/\/new.saga-de-marcel.com\/index.php?rest_route=\/wp\/v2\/users\/1"}],"replies":[{"embeddable":true,"href":"https:\/\/new.saga-de-marcel.com\/index.php?rest_route=%2Fwp%2Fv2%2Fcomments&post=74"}],"version-history":[{"count":4,"href":"https:\/\/new.saga-de-marcel.com\/index.php?rest_route=\/wp\/v2\/pages\/74\/revisions"}],"predecessor-version":[{"id":236,"href":"https:\/\/new.saga-de-marcel.com\/index.php?rest_route=\/wp\/v2\/pages\/74\/revisions\/236"}],"wp:attachment":[{"href":"https:\/\/new.saga-de-marcel.com\/index.php?rest_route=%2Fwp%2Fv2%2Fmedia&parent=74"}],"curies":[{"name":"wp","href":"https:\/\/api.w.org\/{rel}","templated":true}]}}